{"id":137,"date":"2020-04-30T00:17:21","date_gmt":"2020-04-30T03:17:21","guid":{"rendered":"http:\/\/principedeasturiasvaldivia.cl\/Colegio\/?page_id=137"},"modified":"2025-12-31T08:42:39","modified_gmt":"2025-12-31T11:42:39","slug":"material-pedagigico","status":"publish","type":"page","link":"https:\/\/principedeasturiasvaldivia.cl\/Colegio\/material-pedagigico\/","title":{"rendered":"Material Pedag\u00f3gico"},"content":{"rendered":"\n<p>Estimados Padres y Apoderados en este apartado se estar\u00e1n subiendo semanalmente todo el material preparado por nuestros docentes.<\/p>\n\n\n\n<p class=\"has-text-align-center\">(<a href=\"https:\/\/drive.google.com\/drive\/folders\/1RLUNeAXfhTo1KOdY5renIRWh-Z-jwzwA?usp=sharing\">LINK PARA DESCARGAR MATERIAL PEDAG\u00d3GICO<\/a>)<\/p>\n\n\n\n<div style=\"height:23px\" aria-hidden=\"true\" class=\"wp-block-spacer\"><\/div>\n\n\n\n<p><strong>Lecturas Complementarias<\/strong><\/p>\n\n\n\n<p>Estimados Padres y Apoderados en este link se comparte material de Lecturas Complementarias a\u00f1o 2026.<\/p>\n\n\n\n<p class=\"has-text-align-center\">(<a href=\"https:\/\/drive.google.com\/drive\/folders\/1Ua_IksjffztIZyTKxbuww3L81jif76KQ?usp=drive_link\">LINK PARA DESCARGAR MATERIAL PEDAG\u00d3GICO<\/a>)<\/p>\n\n\n\n<p><\/p>\n","protected":false},"excerpt":{"rendered":"<p>Estimados Padres y Apoderados en este apartado se estar\u00e1n subiendo semanalmente todo el material preparado por nuestros docentes. (LINK PARA DESCARGAR MATERIAL PEDAG\u00d3GICO) Lecturas Complementarias Estimados Padres y Apoderados en este link se comparte material de Lecturas Complementarias a\u00f1o 2026. <a href=\"https:\/\/principedeasturiasvaldivia.cl\/Colegio\/material-pedagigico\/\" class=\"read-more\">Leer m\u00e1s &#8230;<\/a><\/p>\n","protected":false},"author":1,"featured_media":0,"parent":0,"menu_order":0,"comment_status":"closed","ping_status":"closed","template":"","meta":{"footnotes":""},"class_list":["post-137","page","type-page","status-publish","hentry"],"yoast_head":"<!-- This site is optimized with the Yoast SEO plugin v27.6 - https:\/\/yoast.com\/product\/yoast-seo-wordpress\/ -->\n<title>Material Pedag\u00f3gico -<\/title>\n<meta name=\"robots\" content=\"index, follow, max-snippet:-1, max-image-preview:large, max-video-preview:-1\" \/>\n<link rel=\"canonical\" href=\"https:\/\/principedeasturiasvaldivia.cl\/Colegio\/material-pedagigico\/\" \/>\n<meta property=\"og:locale\" content=\"es_ES\" \/>\n<meta property=\"og:type\" content=\"article\" \/>\n<meta property=\"og:title\" content=\"Material Pedag\u00f3gico -\" \/>\n<meta property=\"og:description\" content=\"Estimados Padres y Apoderados en este apartado se estar\u00e1n subiendo semanalmente todo el material preparado por nuestros docentes. (LINK PARA DESCARGAR MATERIAL PEDAG\u00d3GICO) Lecturas Complementarias Estimados Padres y Apoderados en este link se comparte material de Lecturas Complementarias a\u00f1o 2026. Leer m\u00e1s ...\" \/>\n<meta property=\"og:url\" content=\"https:\/\/principedeasturiasvaldivia.cl\/Colegio\/material-pedagigico\/\" \/>\n<meta property=\"article:modified_time\" content=\"2025-12-31T11:42:39+00:00\" \/>\n<meta name=\"twitter:card\" content=\"summary_large_image\" \/>\n<meta name=\"twitter:label1\" content=\"Tiempo estimado de lectura\" \/>\n\t<meta name=\"twitter:data1\" content=\"1 minuto\" \/>\n<script type=\"application\/ld+json\" class=\"yoast-schema-graph\">{\"@context\":\"https:\\\/\\\/schema.org\",\"@graph\":[{\"@type\":\"WebPage\",\"@id\":\"https:\\\/\\\/principedeasturiasvaldivia.cl\\\/Colegio\\\/material-pedagigico\\\/\",\"url\":\"https:\\\/\\\/principedeasturiasvaldivia.cl\\\/Colegio\\\/material-pedagigico\\\/\",\"name\":\"Material Pedag\u00f3gico -\",\"isPartOf\":{\"@id\":\"https:\\\/\\\/principedeasturiasvaldivia.cl\\\/Colegio\\\/#website\"},\"datePublished\":\"2020-04-30T03:17:21+00:00\",\"dateModified\":\"2025-12-31T11:42:39+00:00\",\"breadcrumb\":{\"@id\":\"https:\\\/\\\/principedeasturiasvaldivia.cl\\\/Colegio\\\/material-pedagigico\\\/#breadcrumb\"},\"inLanguage\":\"es-CL\",\"potentialAction\":[{\"@type\":\"ReadAction\",\"target\":[\"https:\\\/\\\/principedeasturiasvaldivia.cl\\\/Colegio\\\/material-pedagigico\\\/\"]}]},{\"@type\":\"BreadcrumbList\",\"@id\":\"https:\\\/\\\/principedeasturiasvaldivia.cl\\\/Colegio\\\/material-pedagigico\\\/#breadcrumb\",\"itemListElement\":[{\"@type\":\"ListItem\",\"position\":1,\"name\":\"Portada\",\"item\":\"https:\\\/\\\/principedeasturiasvaldivia.cl\\\/Colegio\\\/\"},{\"@type\":\"ListItem\",\"position\":2,\"name\":\"Material Pedag\u00f3gico\"}]},{\"@type\":\"WebSite\",\"@id\":\"https:\\\/\\\/principedeasturiasvaldivia.cl\\\/Colegio\\\/#website\",\"url\":\"https:\\\/\\\/principedeasturiasvaldivia.cl\\\/Colegio\\\/\",\"name\":\"\",\"description\":\"\",\"potentialAction\":[{\"@type\":\"SearchAction\",\"target\":{\"@type\":\"EntryPoint\",\"urlTemplate\":\"https:\\\/\\\/principedeasturiasvaldivia.cl\\\/Colegio\\\/?s={search_term_string}\"},\"query-input\":{\"@type\":\"PropertyValueSpecification\",\"valueRequired\":true,\"valueName\":\"search_term_string\"}}],\"inLanguage\":\"es-CL\"}]}<\/script>\n<!-- \/ Yoast SEO plugin. -->","yoast_head_json":{"title":"Material Pedag\u00f3gico -","robots":{"index":"index","follow":"follow","max-snippet":"max-snippet:-1","max-image-preview":"max-image-preview:large","max-video-preview":"max-video-preview:-1"},"canonical":"https:\/\/principedeasturiasvaldivia.cl\/Colegio\/material-pedagigico\/","og_locale":"es_ES","og_type":"article","og_title":"Material Pedag\u00f3gico -","og_description":"Estimados Padres y Apoderados en este apartado se estar\u00e1n subiendo semanalmente todo el material preparado por nuestros docentes. (LINK PARA DESCARGAR MATERIAL PEDAG\u00d3GICO) Lecturas Complementarias Estimados Padres y Apoderados en este link se comparte material de Lecturas Complementarias a\u00f1o 2026. Leer m\u00e1s ...","og_url":"https:\/\/principedeasturiasvaldivia.cl\/Colegio\/material-pedagigico\/","article_modified_time":"2025-12-31T11:42:39+00:00","twitter_card":"summary_large_image","twitter_misc":{"Tiempo estimado de lectura":"1 minuto"},"schema":{"@context":"https:\/\/schema.org","@graph":[{"@type":"WebPage","@id":"https:\/\/principedeasturiasvaldivia.cl\/Colegio\/material-pedagigico\/","url":"https:\/\/principedeasturiasvaldivia.cl\/Colegio\/material-pedagigico\/","name":"Material Pedag\u00f3gico -","isPartOf":{"@id":"https:\/\/principedeasturiasvaldivia.cl\/Colegio\/#website"},"datePublished":"2020-04-30T03:17:21+00:00","dateModified":"2025-12-31T11:42:39+00:00","breadcrumb":{"@id":"https:\/\/principedeasturiasvaldivia.cl\/Colegio\/material-pedagigico\/#breadcrumb"},"inLanguage":"es-CL","potentialAction":[{"@type":"ReadAction","target":["https:\/\/principedeasturiasvaldivia.cl\/Colegio\/material-pedagigico\/"]}]},{"@type":"BreadcrumbList","@id":"https:\/\/principedeasturiasvaldivia.cl\/Colegio\/material-pedagigico\/#breadcrumb","itemListElement":[{"@type":"ListItem","position":1,"name":"Portada","item":"https:\/\/principedeasturiasvaldivia.cl\/Colegio\/"},{"@type":"ListItem","position":2,"name":"Material Pedag\u00f3gico"}]},{"@type":"WebSite","@id":"https:\/\/principedeasturiasvaldivia.cl\/Colegio\/#website","url":"https:\/\/principedeasturiasvaldivia.cl\/Colegio\/","name":"","description":"","potentialAction":[{"@type":"SearchAction","target":{"@type":"EntryPoint","urlTemplate":"https:\/\/principedeasturiasvaldivia.cl\/Colegio\/?s={search_term_string}"},"query-input":{"@type":"PropertyValueSpecification","valueRequired":true,"valueName":"search_term_string"}}],"inLanguage":"es-CL"}]}},"publishpress_future_action":{"enabled":false,"date":"2026-05-23 23:34:32","action":"change-status","newStatus":"draft","terms":[],"taxonomy":"","extraData":[]},"publishpress_future_workflow_manual_trigger":{"enabledWorkflows":[]},"_links":{"self":[{"href":"https:\/\/principedeasturiasvaldivia.cl\/Colegio\/wp-json\/wp\/v2\/pages\/137","targetHints":{"allow":["GET"]}}],"collection":[{"href":"https:\/\/principedeasturiasvaldivia.cl\/Colegio\/wp-json\/wp\/v2\/pages"}],"about":[{"href":"https:\/\/principedeasturiasvaldivia.cl\/Colegio\/wp-json\/wp\/v2\/types\/page"}],"author":[{"embeddable":true,"href":"https:\/\/principedeasturiasvaldivia.cl\/Colegio\/wp-json\/wp\/v2\/users\/1"}],"replies":[{"embeddable":true,"href":"https:\/\/principedeasturiasvaldivia.cl\/Colegio\/wp-json\/wp\/v2\/comments?post=137"}],"version-history":[{"count":8,"href":"https:\/\/principedeasturiasvaldivia.cl\/Colegio\/wp-json\/wp\/v2\/pages\/137\/revisions"}],"predecessor-version":[{"id":3152,"href":"https:\/\/principedeasturiasvaldivia.cl\/Colegio\/wp-json\/wp\/v2\/pages\/137\/revisions\/3152"}],"wp:attachment":[{"href":"https:\/\/principedeasturiasvaldivia.cl\/Colegio\/wp-json\/wp\/v2\/media?parent=137"}],"curies":[{"name":"wp","href":"https:\/\/api.w.org\/{rel}","templated":true}]}}