{"id":1792,"date":"2023-01-04T11:32:13","date_gmt":"2023-01-04T14:32:13","guid":{"rendered":"http:\/\/principedeasturiasvaldivia.cl\/Colegio\/?page_id=1792"},"modified":"2026-01-05T18:25:57","modified_gmt":"2026-01-05T21:25:57","slug":"lista-de-materiales-2023","status":"publish","type":"page","link":"https:\/\/principedeasturiasvaldivia.cl\/Colegio\/lista-de-materiales-2023\/","title":{"rendered":"Lista de Materiales 2026"},"content":{"rendered":"<h4><a style=\"font-family: var( --e-global-typography-text-font-family ), Sans-serif; font-weight: var( --e-global-typography-text-font-weight ); font-size: 16px;\" href=\"https:\/\/principedeasturiasvaldivia.cl\/Colegio\/wp-content\/uploads\/2026\/01\/Lista-de-materiales-NTI-Y-NTII-1.pdf-1.pdf\" target=\"_blank\" rel=\"noopener\">LISTA DE MATERIALES NIVEL TRANSICI\u00d3N 2026<\/a><\/h4>\n<h4><a href=\"https:\/\/principedeasturiasvaldivia.cl\/Colegio\/wp-content\/uploads\/2026\/01\/Lista-de-materiales-1ro-y-2do-COLEGIO-1.pdf.pdf\">LISTA DE MATERIALES 1<sup style=\"font-weight: var( --e-global-typography-text-font-weight ); font-family: var( --e-global-typography-text-font-family ), Sans-serif;\">ero<\/sup> a 2<sup style=\"font-weight: var( --e-global-typography-text-font-weight ); font-family: var( --e-global-typography-text-font-family ), Sans-serif;\">to<\/sup> B\u00c1SICO 2026<\/a><\/h4>\n<p><a href=\"https:\/\/principedeasturiasvaldivia.cl\/Colegio\/wp-content\/uploads\/2026\/01\/Lista-de-materiales-3ro-y-4to.pdf\">LISTA DE MATERIALES 3<sup>ero<\/sup> a 4<sup>to<\/sup> B\u00c1SICO 2026<img decoding=\"async\" src=\"https:\/\/principedeasturiasvaldivia.cl\/Colegio\/wp-content\/uploads\/2024\/12\/Lista-de-materiales-escolares-1\u00b0-a-4\u00b0-2025.pdf\" alt=\"\"><\/a><\/p>\n<p><\/p>\n<p><\/p>","protected":false},"excerpt":{"rendered":"<p>LISTA DE MATERIALES NIVEL TRANSICI\u00d3N 2026 LISTA DE MATERIALES 1ero a 2to B\u00c1SICO 2026 LISTA DE MATERIALES 3ero a 4to B\u00c1SICO 2026<\/p>\n","protected":false},"author":1,"featured_media":0,"parent":0,"menu_order":0,"comment_status":"closed","ping_status":"closed","template":"","meta":{"footnotes":""},"class_list":["post-1792","page","type-page","status-publish","hentry"],"yoast_head":"<!-- This site is optimized with the Yoast SEO plugin v27.6 - https:\/\/yoast.com\/product\/yoast-seo-wordpress\/ -->\n<title>Lista de Materiales 2026 -<\/title>\n<meta name=\"robots\" content=\"index, follow, max-snippet:-1, max-image-preview:large, max-video-preview:-1\" \/>\n<link rel=\"canonical\" href=\"https:\/\/principedeasturiasvaldivia.cl\/Colegio\/lista-de-materiales-2023\/\" \/>\n<meta property=\"og:locale\" content=\"es_ES\" \/>\n<meta property=\"og:type\" content=\"article\" \/>\n<meta property=\"og:title\" content=\"Lista de Materiales 2026 -\" \/>\n<meta property=\"og:description\" content=\"LISTA DE MATERIALES NIVEL TRANSICI\u00d3N 2026 LISTA DE MATERIALES 1ero a 2to B\u00c1SICO 2026 LISTA DE MATERIALES 3ero a 4to B\u00c1SICO 2026\" \/>\n<meta property=\"og:url\" content=\"https:\/\/principedeasturiasvaldivia.cl\/Colegio\/lista-de-materiales-2023\/\" \/>\n<meta property=\"article:modified_time\" content=\"2026-01-05T21:25:57+00:00\" \/>\n<meta name=\"twitter:card\" content=\"summary_large_image\" \/>\n<meta name=\"twitter:label1\" content=\"Tiempo estimado de lectura\" \/>\n\t<meta name=\"twitter:data1\" content=\"1 minuto\" \/>\n<script type=\"application\/ld+json\" class=\"yoast-schema-graph\">{\"@context\":\"https:\\\/\\\/schema.org\",\"@graph\":[{\"@type\":\"WebPage\",\"@id\":\"https:\\\/\\\/principedeasturiasvaldivia.cl\\\/Colegio\\\/lista-de-materiales-2023\\\/\",\"url\":\"https:\\\/\\\/principedeasturiasvaldivia.cl\\\/Colegio\\\/lista-de-materiales-2023\\\/\",\"name\":\"Lista de Materiales 2026 -\",\"isPartOf\":{\"@id\":\"https:\\\/\\\/principedeasturiasvaldivia.cl\\\/Colegio\\\/#website\"},\"datePublished\":\"2023-01-04T14:32:13+00:00\",\"dateModified\":\"2026-01-05T21:25:57+00:00\",\"breadcrumb\":{\"@id\":\"https:\\\/\\\/principedeasturiasvaldivia.cl\\\/Colegio\\\/lista-de-materiales-2023\\\/#breadcrumb\"},\"inLanguage\":\"es-CL\",\"potentialAction\":[{\"@type\":\"ReadAction\",\"target\":[\"https:\\\/\\\/principedeasturiasvaldivia.cl\\\/Colegio\\\/lista-de-materiales-2023\\\/\"]}]},{\"@type\":\"BreadcrumbList\",\"@id\":\"https:\\\/\\\/principedeasturiasvaldivia.cl\\\/Colegio\\\/lista-de-materiales-2023\\\/#breadcrumb\",\"itemListElement\":[{\"@type\":\"ListItem\",\"position\":1,\"name\":\"Portada\",\"item\":\"https:\\\/\\\/principedeasturiasvaldivia.cl\\\/Colegio\\\/\"},{\"@type\":\"ListItem\",\"position\":2,\"name\":\"Lista de Materiales 2026\"}]},{\"@type\":\"WebSite\",\"@id\":\"https:\\\/\\\/principedeasturiasvaldivia.cl\\\/Colegio\\\/#website\",\"url\":\"https:\\\/\\\/principedeasturiasvaldivia.cl\\\/Colegio\\\/\",\"name\":\"\",\"description\":\"\",\"potentialAction\":[{\"@type\":\"SearchAction\",\"target\":{\"@type\":\"EntryPoint\",\"urlTemplate\":\"https:\\\/\\\/principedeasturiasvaldivia.cl\\\/Colegio\\\/?s={search_term_string}\"},\"query-input\":{\"@type\":\"PropertyValueSpecification\",\"valueRequired\":true,\"valueName\":\"search_term_string\"}}],\"inLanguage\":\"es-CL\"}]}<\/script>\n<!-- \/ Yoast SEO plugin. -->","yoast_head_json":{"title":"Lista de Materiales 2026 -","robots":{"index":"index","follow":"follow","max-snippet":"max-snippet:-1","max-image-preview":"max-image-preview:large","max-video-preview":"max-video-preview:-1"},"canonical":"https:\/\/principedeasturiasvaldivia.cl\/Colegio\/lista-de-materiales-2023\/","og_locale":"es_ES","og_type":"article","og_title":"Lista de Materiales 2026 -","og_description":"LISTA DE MATERIALES NIVEL TRANSICI\u00d3N 2026 LISTA DE MATERIALES 1ero a 2to B\u00c1SICO 2026 LISTA DE MATERIALES 3ero a 4to B\u00c1SICO 2026","og_url":"https:\/\/principedeasturiasvaldivia.cl\/Colegio\/lista-de-materiales-2023\/","article_modified_time":"2026-01-05T21:25:57+00:00","twitter_card":"summary_large_image","twitter_misc":{"Tiempo estimado de lectura":"1 minuto"},"schema":{"@context":"https:\/\/schema.org","@graph":[{"@type":"WebPage","@id":"https:\/\/principedeasturiasvaldivia.cl\/Colegio\/lista-de-materiales-2023\/","url":"https:\/\/principedeasturiasvaldivia.cl\/Colegio\/lista-de-materiales-2023\/","name":"Lista de Materiales 2026 -","isPartOf":{"@id":"https:\/\/principedeasturiasvaldivia.cl\/Colegio\/#website"},"datePublished":"2023-01-04T14:32:13+00:00","dateModified":"2026-01-05T21:25:57+00:00","breadcrumb":{"@id":"https:\/\/principedeasturiasvaldivia.cl\/Colegio\/lista-de-materiales-2023\/#breadcrumb"},"inLanguage":"es-CL","potentialAction":[{"@type":"ReadAction","target":["https:\/\/principedeasturiasvaldivia.cl\/Colegio\/lista-de-materiales-2023\/"]}]},{"@type":"BreadcrumbList","@id":"https:\/\/principedeasturiasvaldivia.cl\/Colegio\/lista-de-materiales-2023\/#breadcrumb","itemListElement":[{"@type":"ListItem","position":1,"name":"Portada","item":"https:\/\/principedeasturiasvaldivia.cl\/Colegio\/"},{"@type":"ListItem","position":2,"name":"Lista de Materiales 2026"}]},{"@type":"WebSite","@id":"https:\/\/principedeasturiasvaldivia.cl\/Colegio\/#website","url":"https:\/\/principedeasturiasvaldivia.cl\/Colegio\/","name":"","description":"","potentialAction":[{"@type":"SearchAction","target":{"@type":"EntryPoint","urlTemplate":"https:\/\/principedeasturiasvaldivia.cl\/Colegio\/?s={search_term_string}"},"query-input":{"@type":"PropertyValueSpecification","valueRequired":true,"valueName":"search_term_string"}}],"inLanguage":"es-CL"}]}},"publishpress_future_action":{"enabled":false,"date":"2026-05-23 23:34:52","action":"change-status","newStatus":"draft","terms":[],"taxonomy":"","extraData":[]},"publishpress_future_workflow_manual_trigger":{"enabledWorkflows":[]},"_links":{"self":[{"href":"https:\/\/principedeasturiasvaldivia.cl\/Colegio\/wp-json\/wp\/v2\/pages\/1792","targetHints":{"allow":["GET"]}}],"collection":[{"href":"https:\/\/principedeasturiasvaldivia.cl\/Colegio\/wp-json\/wp\/v2\/pages"}],"about":[{"href":"https:\/\/principedeasturiasvaldivia.cl\/Colegio\/wp-json\/wp\/v2\/types\/page"}],"author":[{"embeddable":true,"href":"https:\/\/principedeasturiasvaldivia.cl\/Colegio\/wp-json\/wp\/v2\/users\/1"}],"replies":[{"embeddable":true,"href":"https:\/\/principedeasturiasvaldivia.cl\/Colegio\/wp-json\/wp\/v2\/comments?post=1792"}],"version-history":[{"count":23,"href":"https:\/\/principedeasturiasvaldivia.cl\/Colegio\/wp-json\/wp\/v2\/pages\/1792\/revisions"}],"predecessor-version":[{"id":3174,"href":"https:\/\/principedeasturiasvaldivia.cl\/Colegio\/wp-json\/wp\/v2\/pages\/1792\/revisions\/3174"}],"wp:attachment":[{"href":"https:\/\/principedeasturiasvaldivia.cl\/Colegio\/wp-json\/wp\/v2\/media?parent=1792"}],"curies":[{"name":"wp","href":"https:\/\/api.w.org\/{rel}","templated":true}]}}