{"id":2015,"date":"2024-04-22T19:42:40","date_gmt":"2024-04-22T22:42:40","guid":{"rendered":"https:\/\/principedeasturiasvaldivia.cl\/Colegio\/?page_id=2015"},"modified":"2026-04-23T17:52:55","modified_gmt":"2026-04-23T20:52:55","slug":"cuenta-publica-2023","status":"publish","type":"page","link":"https:\/\/principedeasturiasvaldivia.cl\/Colegio\/cuenta-publica-2023\/","title":{"rendered":"Cuenta P\u00fablica 2026"},"content":{"rendered":"\n<p>La Cuenta P\u00fablica, es un documento que el Director del Colegio<br>presenta a la comunidad escolar y a sus organizaciones respecto a la<br>gesti\u00f3n educativa.<br>Este documento presenta informaci\u00f3n de metas y resultados de<br>aprendizaje del per\u00edodo, estrategias desarrolladas para mejorar los<br>resultados de aprendizaje, indicadores del estudiantado, uso de<br>recursos financieros, situaci\u00f3n de la infraestructura del<br>establecimiento, entre otros temas que aborda.<\/p>\n\n\n\n<p>\u00a0Ante la comunidad educativa del Colegio Pr\u00edncipe de Asturias, se<br>rinde <a href=\"https:\/\/principedeasturiasvaldivia.cl\/Colegio\/wp-content\/uploads\/2026\/04\/Cuenta-Publica-ano-2025.-Colegio.pdf\" target=\"_blank\" rel=\"noreferrer noopener\"><strong><em>Cuenta P\u00fablica del a\u00f1o escolar 2026<\/em><\/strong><\/a> de los siguientes estamentos<br>de nuestro Colegio:<\/p>\n\n\n\n<p>Direcci\u00f3n del Colegio.<br>Administraci\u00f3n y Recursos Financieros.<br>Departamento de Psicolog\u00eda<br>Programa Acad\u00e9mico del a\u00f1o escolar 2026<\/p>\n\n\n\n<p>&nbsp;La Cuenta P\u00fablica de Gesti\u00f3n Escolar A\u00f1o 2026, se rinde ante el<br>Consejo Escolar&nbsp; y la Comunidad Escolar Del Colegio Principe de<br>Asturias, el d\u00eda 31 de marzo del a\u00f1o 2026 en nuestra p\u00e1gina web del<br>colegio. <br>Copia de este documento, se encuentra en Secretar\u00eda del Colegio a<br>disposici\u00f3n de la comunidad escolar y adicionalmente publicado en<br>p\u00e1gina web del Colegio.<\/p>\n\n\n\n<p>Atte.<\/p>\n\n\n\n<p>Luis Gallardo Garcia<br>Director<\/p>\n\n\n\n<div data-wp-interactive=\"core\/file\" class=\"wp-block-file\"><object data-wp-bind--hidden=\"!state.hasPdfPreview\" hidden class=\"wp-block-file__embed\" data=\"https:\/\/principedeasturiasvaldivia.cl\/Colegio\/wp-content\/uploads\/2026\/04\/Cuenta-Publica-ano-2025.-Colegio.pdf\" type=\"application\/pdf\" style=\"width:100%;height:600px\" aria-label=\"Incrustado de Cuenta P\u00fablica a\u00f1o 2025. Colegio.\"><\/object><a id=\"wp-block-file--media-51fc0f16-ef1f-4e61-8c06-0744dfcedefe\" href=\"https:\/\/principedeasturiasvaldivia.cl\/Colegio\/wp-content\/uploads\/2026\/04\/Cuenta-Publica-ano-2025.-Colegio.pdf\">Cuenta P\u00fablica a\u00f1o 2025. Colegio<\/a><a href=\"https:\/\/principedeasturiasvaldivia.cl\/Colegio\/wp-content\/uploads\/2026\/04\/Cuenta-Publica-ano-2025.-Colegio.pdf\" class=\"wp-block-file__button wp-element-button\" download aria-describedby=\"wp-block-file--media-51fc0f16-ef1f-4e61-8c06-0744dfcedefe\">Descargar<\/a><\/div>\n\n\n\n\n\n<p><\/p>\n","protected":false},"excerpt":{"rendered":"<p>La Cuenta P\u00fablica, es un documento que el Director del Colegiopresenta a la comunidad escolar y a sus organizaciones respecto a lagesti\u00f3n educativa.Este documento presenta informaci\u00f3n de metas y resultados deaprendizaje del per\u00edodo, estrategias desarrolladas para mejorar losresultados de aprendizaje, <a href=\"https:\/\/principedeasturiasvaldivia.cl\/Colegio\/cuenta-publica-2023\/\" class=\"read-more\">Leer m\u00e1s &#8230;<\/a><\/p>\n","protected":false},"author":1,"featured_media":0,"parent":0,"menu_order":0,"comment_status":"closed","ping_status":"closed","template":"","meta":{"footnotes":""},"class_list":["post-2015","page","type-page","status-publish","hentry"],"yoast_head":"<!-- This site is optimized with the Yoast SEO plugin v27.6 - https:\/\/yoast.com\/product\/yoast-seo-wordpress\/ -->\n<title>Cuenta P\u00fablica 2026 -<\/title>\n<meta name=\"robots\" content=\"index, follow, max-snippet:-1, max-image-preview:large, max-video-preview:-1\" \/>\n<link rel=\"canonical\" href=\"https:\/\/principedeasturiasvaldivia.cl\/Colegio\/cuenta-publica-2023\/\" \/>\n<meta property=\"og:locale\" content=\"es_ES\" \/>\n<meta property=\"og:type\" content=\"article\" \/>\n<meta property=\"og:title\" content=\"Cuenta P\u00fablica 2026 -\" \/>\n<meta property=\"og:description\" content=\"La Cuenta P\u00fablica, es un documento que el Director del Colegiopresenta a la comunidad escolar y a sus organizaciones respecto a lagesti\u00f3n educativa.Este documento presenta informaci\u00f3n de metas y resultados deaprendizaje del per\u00edodo, estrategias desarrolladas para mejorar losresultados de aprendizaje, Leer m\u00e1s ...\" \/>\n<meta property=\"og:url\" content=\"https:\/\/principedeasturiasvaldivia.cl\/Colegio\/cuenta-publica-2023\/\" \/>\n<meta property=\"article:modified_time\" content=\"2026-04-23T20:52:55+00:00\" \/>\n<meta name=\"twitter:card\" content=\"summary_large_image\" \/>\n<meta name=\"twitter:label1\" content=\"Tiempo estimado de lectura\" \/>\n\t<meta name=\"twitter:data1\" content=\"1 minuto\" \/>\n<script type=\"application\/ld+json\" class=\"yoast-schema-graph\">{\"@context\":\"https:\\\/\\\/schema.org\",\"@graph\":[{\"@type\":\"WebPage\",\"@id\":\"https:\\\/\\\/principedeasturiasvaldivia.cl\\\/Colegio\\\/cuenta-publica-2023\\\/\",\"url\":\"https:\\\/\\\/principedeasturiasvaldivia.cl\\\/Colegio\\\/cuenta-publica-2023\\\/\",\"name\":\"Cuenta P\u00fablica 2026 -\",\"isPartOf\":{\"@id\":\"https:\\\/\\\/principedeasturiasvaldivia.cl\\\/Colegio\\\/#website\"},\"datePublished\":\"2024-04-22T22:42:40+00:00\",\"dateModified\":\"2026-04-23T20:52:55+00:00\",\"breadcrumb\":{\"@id\":\"https:\\\/\\\/principedeasturiasvaldivia.cl\\\/Colegio\\\/cuenta-publica-2023\\\/#breadcrumb\"},\"inLanguage\":\"es-CL\",\"potentialAction\":[{\"@type\":\"ReadAction\",\"target\":[\"https:\\\/\\\/principedeasturiasvaldivia.cl\\\/Colegio\\\/cuenta-publica-2023\\\/\"]}]},{\"@type\":\"BreadcrumbList\",\"@id\":\"https:\\\/\\\/principedeasturiasvaldivia.cl\\\/Colegio\\\/cuenta-publica-2023\\\/#breadcrumb\",\"itemListElement\":[{\"@type\":\"ListItem\",\"position\":1,\"name\":\"Portada\",\"item\":\"https:\\\/\\\/principedeasturiasvaldivia.cl\\\/Colegio\\\/\"},{\"@type\":\"ListItem\",\"position\":2,\"name\":\"Cuenta P\u00fablica 2026\"}]},{\"@type\":\"WebSite\",\"@id\":\"https:\\\/\\\/principedeasturiasvaldivia.cl\\\/Colegio\\\/#website\",\"url\":\"https:\\\/\\\/principedeasturiasvaldivia.cl\\\/Colegio\\\/\",\"name\":\"\",\"description\":\"\",\"potentialAction\":[{\"@type\":\"SearchAction\",\"target\":{\"@type\":\"EntryPoint\",\"urlTemplate\":\"https:\\\/\\\/principedeasturiasvaldivia.cl\\\/Colegio\\\/?s={search_term_string}\"},\"query-input\":{\"@type\":\"PropertyValueSpecification\",\"valueRequired\":true,\"valueName\":\"search_term_string\"}}],\"inLanguage\":\"es-CL\"}]}<\/script>\n<!-- \/ Yoast SEO plugin. -->","yoast_head_json":{"title":"Cuenta P\u00fablica 2026 -","robots":{"index":"index","follow":"follow","max-snippet":"max-snippet:-1","max-image-preview":"max-image-preview:large","max-video-preview":"max-video-preview:-1"},"canonical":"https:\/\/principedeasturiasvaldivia.cl\/Colegio\/cuenta-publica-2023\/","og_locale":"es_ES","og_type":"article","og_title":"Cuenta P\u00fablica 2026 -","og_description":"La Cuenta P\u00fablica, es un documento que el Director del Colegiopresenta a la comunidad escolar y a sus organizaciones respecto a lagesti\u00f3n educativa.Este documento presenta informaci\u00f3n de metas y resultados deaprendizaje del per\u00edodo, estrategias desarrolladas para mejorar losresultados de aprendizaje, Leer m\u00e1s ...","og_url":"https:\/\/principedeasturiasvaldivia.cl\/Colegio\/cuenta-publica-2023\/","article_modified_time":"2026-04-23T20:52:55+00:00","twitter_card":"summary_large_image","twitter_misc":{"Tiempo estimado de lectura":"1 minuto"},"schema":{"@context":"https:\/\/schema.org","@graph":[{"@type":"WebPage","@id":"https:\/\/principedeasturiasvaldivia.cl\/Colegio\/cuenta-publica-2023\/","url":"https:\/\/principedeasturiasvaldivia.cl\/Colegio\/cuenta-publica-2023\/","name":"Cuenta P\u00fablica 2026 -","isPartOf":{"@id":"https:\/\/principedeasturiasvaldivia.cl\/Colegio\/#website"},"datePublished":"2024-04-22T22:42:40+00:00","dateModified":"2026-04-23T20:52:55+00:00","breadcrumb":{"@id":"https:\/\/principedeasturiasvaldivia.cl\/Colegio\/cuenta-publica-2023\/#breadcrumb"},"inLanguage":"es-CL","potentialAction":[{"@type":"ReadAction","target":["https:\/\/principedeasturiasvaldivia.cl\/Colegio\/cuenta-publica-2023\/"]}]},{"@type":"BreadcrumbList","@id":"https:\/\/principedeasturiasvaldivia.cl\/Colegio\/cuenta-publica-2023\/#breadcrumb","itemListElement":[{"@type":"ListItem","position":1,"name":"Portada","item":"https:\/\/principedeasturiasvaldivia.cl\/Colegio\/"},{"@type":"ListItem","position":2,"name":"Cuenta P\u00fablica 2026"}]},{"@type":"WebSite","@id":"https:\/\/principedeasturiasvaldivia.cl\/Colegio\/#website","url":"https:\/\/principedeasturiasvaldivia.cl\/Colegio\/","name":"","description":"","potentialAction":[{"@type":"SearchAction","target":{"@type":"EntryPoint","urlTemplate":"https:\/\/principedeasturiasvaldivia.cl\/Colegio\/?s={search_term_string}"},"query-input":{"@type":"PropertyValueSpecification","valueRequired":true,"valueName":"search_term_string"}}],"inLanguage":"es-CL"}]}},"publishpress_future_action":{"enabled":false,"date":"2026-05-23 23:33:31","action":"change-status","newStatus":"draft","terms":[],"taxonomy":"","extraData":[]},"publishpress_future_workflow_manual_trigger":{"enabledWorkflows":[]},"_links":{"self":[{"href":"https:\/\/principedeasturiasvaldivia.cl\/Colegio\/wp-json\/wp\/v2\/pages\/2015","targetHints":{"allow":["GET"]}}],"collection":[{"href":"https:\/\/principedeasturiasvaldivia.cl\/Colegio\/wp-json\/wp\/v2\/pages"}],"about":[{"href":"https:\/\/principedeasturiasvaldivia.cl\/Colegio\/wp-json\/wp\/v2\/types\/page"}],"author":[{"embeddable":true,"href":"https:\/\/principedeasturiasvaldivia.cl\/Colegio\/wp-json\/wp\/v2\/users\/1"}],"replies":[{"embeddable":true,"href":"https:\/\/principedeasturiasvaldivia.cl\/Colegio\/wp-json\/wp\/v2\/comments?post=2015"}],"version-history":[{"count":4,"href":"https:\/\/principedeasturiasvaldivia.cl\/Colegio\/wp-json\/wp\/v2\/pages\/2015\/revisions"}],"predecessor-version":[{"id":3440,"href":"https:\/\/principedeasturiasvaldivia.cl\/Colegio\/wp-json\/wp\/v2\/pages\/2015\/revisions\/3440"}],"wp:attachment":[{"href":"https:\/\/principedeasturiasvaldivia.cl\/Colegio\/wp-json\/wp\/v2\/media?parent=2015"}],"curies":[{"name":"wp","href":"https:\/\/api.w.org\/{rel}","templated":true}]}}