{"id":2272,"date":"2024-08-19T18:16:08","date_gmt":"2024-08-19T21:16:08","guid":{"rendered":"https:\/\/principedeasturiasvaldivia.cl\/Colegio\/?page_id=2272"},"modified":"2024-08-19T18:37:24","modified_gmt":"2024-08-19T21:37:24","slug":"documentacion-interna","status":"publish","type":"page","link":"https:\/\/principedeasturiasvaldivia.cl\/Colegio\/documentacion-interna\/","title":{"rendered":"Documentaci\u00f3n interna"},"content":{"rendered":"\n<style>\n    a {\n      text-decoration: none;\n      color: black;\n    }\n\n    .contenedor {\n      display: flex;\n      align-items: center;\n\n    }\n\n    img {\n      width: 35px;\n    }\n\n    .actualizacion {\n      width: 50px;\n    }\n  <\/style>\n<\/head>\n\n<body>\n  <div class=\"contenedor\">\n    <p><a href=\"https:\/\/principedeasturiasvaldivia.cl\/Colegio\/wp-content\/uploads\/2024\/08\/Reglamento-Rene-Manuel-con-Ley-Karin-copia.pdf\" target=\"_blank\" rel=\"noopener\">\n      Actualizaci\u00f3n Reglamento interno orden, higiene y seguridad<\/a><a href=\"https:\/\/principedeasturiasvaldivia.cl\/Colegio\/wp-content\/uploads\/2024\/08\/Reglamento-Rene-Manuel-con-Ley-Karin-copia.pdf\" target=\"_blank\" rel=\"noopener\"><img decoding=\"async\"\n          src=\"https:\/\/principedeasturiasvaldivia.cl\/Colegio\/wp-content\/uploads\/2024\/08\/file-pdf-solid-36.png\"\n          alt=\"pdf\"><\/a><img decoding=\"async\" class=\"actualizacion\"\n            src=\"https:\/\/principedeasturiasvaldivia.cl\/Colegio\/wp-content\/uploads\/2024\/08\/actualizacion_riohs.webp\"\n            alt=\"actualizaci\u00f3n\"><\/p>\n  <\/div>\n  <div class=\"contenedor\">\n    <p>\n      <a href=\"https:\/\/principedeasturiasvaldivia.cl\/Colegio\/wp-content\/uploads\/2024\/08\/Protocolo-rene-manuel-preventivo-Ley-Karin-1-copia.pdf\" target=\"_blank\" rel=\"noopener\">Protocolo de prevenci\u00f3n de acoso laboral, sexual y violencia en el trabajo<\/a><a href=\"https:\/\/principedeasturiasvaldivia.cl\/Colegio\/wp-content\/uploads\/2024\/08\/Protocolo-rene-manuel-preventivo-Ley-Karin-1-copia.pdf\" target=\"_blank\" rel=\"noopener\"><img decoding=\"async\"\n          src=\"https:\/\/principedeasturiasvaldivia.cl\/Colegio\/wp-content\/uploads\/2024\/08\/file-pdf-solid-36.png\"\n          alt=\"pdf\"><\/a>\n    <\/p>\n  <\/div>\n  <div class=\"contenedor\">\n    <p>\n      <a href=\"https:\/\/principedeasturiasvaldivia.cl\/Colegio\/wp-content\/uploads\/2024\/08\/Procedimiento-rene-manuel-Investigacion-y-Sancion-Acoso-copia.pdf\" target=\"_blank\" rel=\"noopener\">Procedimiento de investigaci\u00f3n y sanci\u00f3n del acoso sexual, acoso laboral y violencia en el trabajo<\/a><a href=\"https:\/\/principedeasturiasvaldivia.cl\/Colegio\/wp-content\/uploads\/2024\/08\/Procedimiento-rene-manuel-Investigacion-y-Sancion-Acoso-copia.pdf\" target=\"_blank\" rel=\"noopener\"><img decoding=\"async\"\n          src=\"https:\/\/principedeasturiasvaldivia.cl\/Colegio\/wp-content\/uploads\/2024\/08\/file-pdf-solid-36.png\"\n          alt=\"pdf\"><\/a>\n    <\/p>\n  <\/div>\n","protected":false},"excerpt":{"rendered":"<p>Actualizaci\u00f3n Reglamento interno orden, higiene y seguridad Protocolo de prevenci\u00f3n de acoso laboral, sexual y violencia en el trabajo Procedimiento de investigaci\u00f3n y sanci\u00f3n del acoso sexual, acoso laboral y violencia en el trabajo<\/p>\n","protected":false},"author":1,"featured_media":0,"parent":0,"menu_order":0,"comment_status":"closed","ping_status":"closed","template":"","meta":{"footnotes":""},"class_list":["post-2272","page","type-page","status-publish","hentry"],"yoast_head":"<!-- This site is optimized with the Yoast SEO plugin v27.6 - https:\/\/yoast.com\/product\/yoast-seo-wordpress\/ -->\n<title>Documentaci\u00f3n interna -<\/title>\n<meta name=\"robots\" content=\"index, follow, max-snippet:-1, max-image-preview:large, max-video-preview:-1\" \/>\n<link rel=\"canonical\" href=\"https:\/\/principedeasturiasvaldivia.cl\/Colegio\/documentacion-interna\/\" \/>\n<meta property=\"og:locale\" content=\"es_ES\" \/>\n<meta property=\"og:type\" content=\"article\" \/>\n<meta property=\"og:title\" content=\"Documentaci\u00f3n interna -\" \/>\n<meta property=\"og:description\" content=\"Actualizaci\u00f3n Reglamento interno orden, higiene y seguridad Protocolo de prevenci\u00f3n de acoso laboral, sexual y violencia en el trabajo Procedimiento de investigaci\u00f3n y sanci\u00f3n del acoso sexual, acoso laboral y violencia en el trabajo\" \/>\n<meta property=\"og:url\" content=\"https:\/\/principedeasturiasvaldivia.cl\/Colegio\/documentacion-interna\/\" \/>\n<meta property=\"article:modified_time\" content=\"2024-08-19T21:37:24+00:00\" \/>\n<meta property=\"og:image\" content=\"https:\/\/principedeasturiasvaldivia.cl\/Colegio\/wp-content\/uploads\/2024\/08\/actualizacion_riohs.webp\" \/>\n<meta name=\"twitter:card\" content=\"summary_large_image\" \/>\n<meta name=\"twitter:label1\" content=\"Tiempo estimado de lectura\" \/>\n\t<meta name=\"twitter:data1\" content=\"1 minuto\" \/>\n<script type=\"application\/ld+json\" class=\"yoast-schema-graph\">{\"@context\":\"https:\\\/\\\/schema.org\",\"@graph\":[{\"@type\":\"WebPage\",\"@id\":\"https:\\\/\\\/principedeasturiasvaldivia.cl\\\/Colegio\\\/documentacion-interna\\\/\",\"url\":\"https:\\\/\\\/principedeasturiasvaldivia.cl\\\/Colegio\\\/documentacion-interna\\\/\",\"name\":\"Documentaci\u00f3n interna -\",\"isPartOf\":{\"@id\":\"https:\\\/\\\/principedeasturiasvaldivia.cl\\\/Colegio\\\/#website\"},\"primaryImageOfPage\":{\"@id\":\"https:\\\/\\\/principedeasturiasvaldivia.cl\\\/Colegio\\\/documentacion-interna\\\/#primaryimage\"},\"image\":{\"@id\":\"https:\\\/\\\/principedeasturiasvaldivia.cl\\\/Colegio\\\/documentacion-interna\\\/#primaryimage\"},\"thumbnailUrl\":\"https:\\\/\\\/principedeasturiasvaldivia.cl\\\/Colegio\\\/wp-content\\\/uploads\\\/2024\\\/08\\\/actualizacion_riohs.webp\",\"datePublished\":\"2024-08-19T21:16:08+00:00\",\"dateModified\":\"2024-08-19T21:37:24+00:00\",\"breadcrumb\":{\"@id\":\"https:\\\/\\\/principedeasturiasvaldivia.cl\\\/Colegio\\\/documentacion-interna\\\/#breadcrumb\"},\"inLanguage\":\"es-CL\",\"potentialAction\":[{\"@type\":\"ReadAction\",\"target\":[\"https:\\\/\\\/principedeasturiasvaldivia.cl\\\/Colegio\\\/documentacion-interna\\\/\"]}]},{\"@type\":\"ImageObject\",\"inLanguage\":\"es-CL\",\"@id\":\"https:\\\/\\\/principedeasturiasvaldivia.cl\\\/Colegio\\\/documentacion-interna\\\/#primaryimage\",\"url\":\"https:\\\/\\\/principedeasturiasvaldivia.cl\\\/Colegio\\\/wp-content\\\/uploads\\\/2024\\\/08\\\/actualizacion_riohs.webp\",\"contentUrl\":\"https:\\\/\\\/principedeasturiasvaldivia.cl\\\/Colegio\\\/wp-content\\\/uploads\\\/2024\\\/08\\\/actualizacion_riohs.webp\",\"width\":1024,\"height\":1024},{\"@type\":\"BreadcrumbList\",\"@id\":\"https:\\\/\\\/principedeasturiasvaldivia.cl\\\/Colegio\\\/documentacion-interna\\\/#breadcrumb\",\"itemListElement\":[{\"@type\":\"ListItem\",\"position\":1,\"name\":\"Portada\",\"item\":\"https:\\\/\\\/principedeasturiasvaldivia.cl\\\/Colegio\\\/\"},{\"@type\":\"ListItem\",\"position\":2,\"name\":\"Documentaci\u00f3n interna\"}]},{\"@type\":\"WebSite\",\"@id\":\"https:\\\/\\\/principedeasturiasvaldivia.cl\\\/Colegio\\\/#website\",\"url\":\"https:\\\/\\\/principedeasturiasvaldivia.cl\\\/Colegio\\\/\",\"name\":\"\",\"description\":\"\",\"potentialAction\":[{\"@type\":\"SearchAction\",\"target\":{\"@type\":\"EntryPoint\",\"urlTemplate\":\"https:\\\/\\\/principedeasturiasvaldivia.cl\\\/Colegio\\\/?s={search_term_string}\"},\"query-input\":{\"@type\":\"PropertyValueSpecification\",\"valueRequired\":true,\"valueName\":\"search_term_string\"}}],\"inLanguage\":\"es-CL\"}]}<\/script>\n<!-- \/ Yoast SEO plugin. -->","yoast_head_json":{"title":"Documentaci\u00f3n interna -","robots":{"index":"index","follow":"follow","max-snippet":"max-snippet:-1","max-image-preview":"max-image-preview:large","max-video-preview":"max-video-preview:-1"},"canonical":"https:\/\/principedeasturiasvaldivia.cl\/Colegio\/documentacion-interna\/","og_locale":"es_ES","og_type":"article","og_title":"Documentaci\u00f3n interna -","og_description":"Actualizaci\u00f3n Reglamento interno orden, higiene y seguridad Protocolo de prevenci\u00f3n de acoso laboral, sexual y violencia en el trabajo Procedimiento de investigaci\u00f3n y sanci\u00f3n del acoso sexual, acoso laboral y violencia en el trabajo","og_url":"https:\/\/principedeasturiasvaldivia.cl\/Colegio\/documentacion-interna\/","article_modified_time":"2024-08-19T21:37:24+00:00","og_image":[{"url":"https:\/\/principedeasturiasvaldivia.cl\/Colegio\/wp-content\/uploads\/2024\/08\/actualizacion_riohs.webp","type":"","width":"","height":""}],"twitter_card":"summary_large_image","twitter_misc":{"Tiempo estimado de lectura":"1 minuto"},"schema":{"@context":"https:\/\/schema.org","@graph":[{"@type":"WebPage","@id":"https:\/\/principedeasturiasvaldivia.cl\/Colegio\/documentacion-interna\/","url":"https:\/\/principedeasturiasvaldivia.cl\/Colegio\/documentacion-interna\/","name":"Documentaci\u00f3n interna -","isPartOf":{"@id":"https:\/\/principedeasturiasvaldivia.cl\/Colegio\/#website"},"primaryImageOfPage":{"@id":"https:\/\/principedeasturiasvaldivia.cl\/Colegio\/documentacion-interna\/#primaryimage"},"image":{"@id":"https:\/\/principedeasturiasvaldivia.cl\/Colegio\/documentacion-interna\/#primaryimage"},"thumbnailUrl":"https:\/\/principedeasturiasvaldivia.cl\/Colegio\/wp-content\/uploads\/2024\/08\/actualizacion_riohs.webp","datePublished":"2024-08-19T21:16:08+00:00","dateModified":"2024-08-19T21:37:24+00:00","breadcrumb":{"@id":"https:\/\/principedeasturiasvaldivia.cl\/Colegio\/documentacion-interna\/#breadcrumb"},"inLanguage":"es-CL","potentialAction":[{"@type":"ReadAction","target":["https:\/\/principedeasturiasvaldivia.cl\/Colegio\/documentacion-interna\/"]}]},{"@type":"ImageObject","inLanguage":"es-CL","@id":"https:\/\/principedeasturiasvaldivia.cl\/Colegio\/documentacion-interna\/#primaryimage","url":"https:\/\/principedeasturiasvaldivia.cl\/Colegio\/wp-content\/uploads\/2024\/08\/actualizacion_riohs.webp","contentUrl":"https:\/\/principedeasturiasvaldivia.cl\/Colegio\/wp-content\/uploads\/2024\/08\/actualizacion_riohs.webp","width":1024,"height":1024},{"@type":"BreadcrumbList","@id":"https:\/\/principedeasturiasvaldivia.cl\/Colegio\/documentacion-interna\/#breadcrumb","itemListElement":[{"@type":"ListItem","position":1,"name":"Portada","item":"https:\/\/principedeasturiasvaldivia.cl\/Colegio\/"},{"@type":"ListItem","position":2,"name":"Documentaci\u00f3n interna"}]},{"@type":"WebSite","@id":"https:\/\/principedeasturiasvaldivia.cl\/Colegio\/#website","url":"https:\/\/principedeasturiasvaldivia.cl\/Colegio\/","name":"","description":"","potentialAction":[{"@type":"SearchAction","target":{"@type":"EntryPoint","urlTemplate":"https:\/\/principedeasturiasvaldivia.cl\/Colegio\/?s={search_term_string}"},"query-input":{"@type":"PropertyValueSpecification","valueRequired":true,"valueName":"search_term_string"}}],"inLanguage":"es-CL"}]}},"publishpress_future_action":{"enabled":false,"date":"2026-05-23 23:34:38","action":"change-status","newStatus":"draft","terms":[],"taxonomy":"","extraData":[]},"publishpress_future_workflow_manual_trigger":{"enabledWorkflows":[]},"_links":{"self":[{"href":"https:\/\/principedeasturiasvaldivia.cl\/Colegio\/wp-json\/wp\/v2\/pages\/2272","targetHints":{"allow":["GET"]}}],"collection":[{"href":"https:\/\/principedeasturiasvaldivia.cl\/Colegio\/wp-json\/wp\/v2\/pages"}],"about":[{"href":"https:\/\/principedeasturiasvaldivia.cl\/Colegio\/wp-json\/wp\/v2\/types\/page"}],"author":[{"embeddable":true,"href":"https:\/\/principedeasturiasvaldivia.cl\/Colegio\/wp-json\/wp\/v2\/users\/1"}],"replies":[{"embeddable":true,"href":"https:\/\/principedeasturiasvaldivia.cl\/Colegio\/wp-json\/wp\/v2\/comments?post=2272"}],"version-history":[{"count":3,"href":"https:\/\/principedeasturiasvaldivia.cl\/Colegio\/wp-json\/wp\/v2\/pages\/2272\/revisions"}],"predecessor-version":[{"id":3006,"href":"https:\/\/principedeasturiasvaldivia.cl\/Colegio\/wp-json\/wp\/v2\/pages\/2272\/revisions\/3006"}],"wp:attachment":[{"href":"https:\/\/principedeasturiasvaldivia.cl\/Colegio\/wp-json\/wp\/v2\/media?parent=2272"}],"curies":[{"name":"wp","href":"https:\/\/api.w.org\/{rel}","templated":true}]}}