{"id":26,"date":"2020-04-29T21:51:02","date_gmt":"2020-04-30T00:51:02","guid":{"rendered":"http:\/\/principedeasturiasvaldivia.cl\/Colegio\/?page_id=26"},"modified":"2020-05-05T00:21:05","modified_gmt":"2020-05-05T03:21:05","slug":"aprende-en-linea","status":"publish","type":"page","link":"https:\/\/principedeasturiasvaldivia.cl\/Colegio\/aprende-en-linea\/","title":{"rendered":"Aprende en l\u00ednea"},"content":{"rendered":"\n<div class=\"wp-block-image\"><figure class=\"aligncenter size-large is-resized\"><a href=\"https:\/\/curriculumnacional.mineduc.cl\/estudiante\/621\/w3-channel.html\"><img loading=\"lazy\" decoding=\"async\" src=\"http:\/\/principedeasturiasvaldivia.cl\/Colegio\/wp-content\/uploads\/2020\/05\/Mineduc_anuncia_teleducaci\u00f3n_con_acceso_gratuito_a_contenido_educativo.jpg\" alt=\"Aprendo en linea\" class=\"wp-image-236\" width=\"496\" height=\"279\" srcset=\"https:\/\/principedeasturiasvaldivia.cl\/Colegio\/wp-content\/uploads\/2020\/05\/Mineduc_anuncia_teleducaci\u00f3n_con_acceso_gratuito_a_contenido_educativo.jpg 825w, https:\/\/principedeasturiasvaldivia.cl\/Colegio\/wp-content\/uploads\/2020\/05\/Mineduc_anuncia_teleducaci\u00f3n_con_acceso_gratuito_a_contenido_educativo-600x337.jpg 600w, https:\/\/principedeasturiasvaldivia.cl\/Colegio\/wp-content\/uploads\/2020\/05\/Mineduc_anuncia_teleducaci\u00f3n_con_acceso_gratuito_a_contenido_educativo-300x169.jpg 300w, https:\/\/principedeasturiasvaldivia.cl\/Colegio\/wp-content\/uploads\/2020\/05\/Mineduc_anuncia_teleducaci\u00f3n_con_acceso_gratuito_a_contenido_educativo-768x432.jpg 768w, https:\/\/principedeasturiasvaldivia.cl\/Colegio\/wp-content\/uploads\/2020\/05\/Mineduc_anuncia_teleducaci\u00f3n_con_acceso_gratuito_a_contenido_educativo-360x202.jpg 360w\" sizes=\"auto, (max-width: 496px) 100vw, 496px\" \/><\/a><figcaption>MINEDUC, MTT y ATELMO impulsan la teleducaci\u00f3n con acceso gratuito a contenido educativo frente a contingencia por coronavirus<\/figcaption><\/figure><\/div>\n\n\n\n<figure class=\"wp-block-image size-large\"><a href=\"https:\/\/www.mineduc.cl\/programacion-tv-educa-chile\/\"><img loading=\"lazy\" decoding=\"async\" width=\"765\" height=\"417\" src=\"http:\/\/principedeasturiasvaldivia.cl\/Colegio\/wp-content\/uploads\/2020\/05\/TV_Educa_Chile_Programaci\u00f3n_a_partir_del_27_de_abril.jpg\" alt=\"TV Educa Chile\" class=\"wp-image-240\" srcset=\"https:\/\/principedeasturiasvaldivia.cl\/Colegio\/wp-content\/uploads\/2020\/05\/TV_Educa_Chile_Programaci\u00f3n_a_partir_del_27_de_abril.jpg 765w, https:\/\/principedeasturiasvaldivia.cl\/Colegio\/wp-content\/uploads\/2020\/05\/TV_Educa_Chile_Programaci\u00f3n_a_partir_del_27_de_abril-600x327.jpg 600w, https:\/\/principedeasturiasvaldivia.cl\/Colegio\/wp-content\/uploads\/2020\/05\/TV_Educa_Chile_Programaci\u00f3n_a_partir_del_27_de_abril-300x164.jpg 300w, https:\/\/principedeasturiasvaldivia.cl\/Colegio\/wp-content\/uploads\/2020\/05\/TV_Educa_Chile_Programaci\u00f3n_a_partir_del_27_de_abril-360x196.jpg 360w\" sizes=\"auto, (max-width: 765px) 100vw, 765px\" \/><\/a><figcaption>\u00a0Esta se\u00f1al contiene contenido pedag\u00f3gico curricular de acuerdo a los lineamientos del Ministerio de Educaci\u00f3n, material educativo facilitado por todos los canales y series educativas del Consejo Nacional de Televisi\u00f3n.<br><\/figcaption><\/figure>\n\n\n\n<p class=\"has-text-align-center\"><strong><a href=\"https:\/\/www.tvn.cl\/envivo\/tveducachile\/\" target=\"_blank\" rel=\"noreferrer noopener\">Se\u00f1al Online TV Educa<\/a><\/strong><\/p>\n","protected":false},"excerpt":{"rendered":"<p>Se\u00f1al Online TV Educa<\/p>\n","protected":false},"author":1,"featured_media":0,"parent":0,"menu_order":0,"comment_status":"closed","ping_status":"closed","template":"","meta":{"footnotes":""},"class_list":["post-26","page","type-page","status-publish","hentry"],"yoast_head":"<!-- This site is optimized with the Yoast SEO plugin v27.6 - https:\/\/yoast.com\/product\/yoast-seo-wordpress\/ -->\n<title>Aprende en l\u00ednea -<\/title>\n<meta name=\"robots\" content=\"index, follow, max-snippet:-1, max-image-preview:large, max-video-preview:-1\" \/>\n<link rel=\"canonical\" href=\"https:\/\/principedeasturiasvaldivia.cl\/Colegio\/aprende-en-linea\/\" \/>\n<meta property=\"og:locale\" content=\"es_ES\" \/>\n<meta property=\"og:type\" content=\"article\" \/>\n<meta property=\"og:title\" content=\"Aprende en l\u00ednea -\" \/>\n<meta property=\"og:description\" content=\"Se\u00f1al Online TV Educa\" \/>\n<meta property=\"og:url\" content=\"https:\/\/principedeasturiasvaldivia.cl\/Colegio\/aprende-en-linea\/\" \/>\n<meta property=\"article:modified_time\" content=\"2020-05-05T03:21:05+00:00\" \/>\n<meta name=\"twitter:card\" content=\"summary_large_image\" \/>\n<script type=\"application\/ld+json\" class=\"yoast-schema-graph\">{\"@context\":\"https:\\\/\\\/schema.org\",\"@graph\":[{\"@type\":\"WebPage\",\"@id\":\"https:\\\/\\\/principedeasturiasvaldivia.cl\\\/Colegio\\\/aprende-en-linea\\\/\",\"url\":\"https:\\\/\\\/principedeasturiasvaldivia.cl\\\/Colegio\\\/aprende-en-linea\\\/\",\"name\":\"Aprende en l\u00ednea -\",\"isPartOf\":{\"@id\":\"https:\\\/\\\/principedeasturiasvaldivia.cl\\\/Colegio\\\/#website\"},\"datePublished\":\"2020-04-30T00:51:02+00:00\",\"dateModified\":\"2020-05-05T03:21:05+00:00\",\"breadcrumb\":{\"@id\":\"https:\\\/\\\/principedeasturiasvaldivia.cl\\\/Colegio\\\/aprende-en-linea\\\/#breadcrumb\"},\"inLanguage\":\"es-CL\",\"potentialAction\":[{\"@type\":\"ReadAction\",\"target\":[\"https:\\\/\\\/principedeasturiasvaldivia.cl\\\/Colegio\\\/aprende-en-linea\\\/\"]}]},{\"@type\":\"BreadcrumbList\",\"@id\":\"https:\\\/\\\/principedeasturiasvaldivia.cl\\\/Colegio\\\/aprende-en-linea\\\/#breadcrumb\",\"itemListElement\":[{\"@type\":\"ListItem\",\"position\":1,\"name\":\"Portada\",\"item\":\"https:\\\/\\\/principedeasturiasvaldivia.cl\\\/Colegio\\\/\"},{\"@type\":\"ListItem\",\"position\":2,\"name\":\"Aprende en l\u00ednea\"}]},{\"@type\":\"WebSite\",\"@id\":\"https:\\\/\\\/principedeasturiasvaldivia.cl\\\/Colegio\\\/#website\",\"url\":\"https:\\\/\\\/principedeasturiasvaldivia.cl\\\/Colegio\\\/\",\"name\":\"\",\"description\":\"\",\"potentialAction\":[{\"@type\":\"SearchAction\",\"target\":{\"@type\":\"EntryPoint\",\"urlTemplate\":\"https:\\\/\\\/principedeasturiasvaldivia.cl\\\/Colegio\\\/?s={search_term_string}\"},\"query-input\":{\"@type\":\"PropertyValueSpecification\",\"valueRequired\":true,\"valueName\":\"search_term_string\"}}],\"inLanguage\":\"es-CL\"}]}<\/script>\n<!-- \/ Yoast SEO plugin. -->","yoast_head_json":{"title":"Aprende en l\u00ednea -","robots":{"index":"index","follow":"follow","max-snippet":"max-snippet:-1","max-image-preview":"max-image-preview:large","max-video-preview":"max-video-preview:-1"},"canonical":"https:\/\/principedeasturiasvaldivia.cl\/Colegio\/aprende-en-linea\/","og_locale":"es_ES","og_type":"article","og_title":"Aprende en l\u00ednea -","og_description":"Se\u00f1al Online TV Educa","og_url":"https:\/\/principedeasturiasvaldivia.cl\/Colegio\/aprende-en-linea\/","article_modified_time":"2020-05-05T03:21:05+00:00","twitter_card":"summary_large_image","schema":{"@context":"https:\/\/schema.org","@graph":[{"@type":"WebPage","@id":"https:\/\/principedeasturiasvaldivia.cl\/Colegio\/aprende-en-linea\/","url":"https:\/\/principedeasturiasvaldivia.cl\/Colegio\/aprende-en-linea\/","name":"Aprende en l\u00ednea -","isPartOf":{"@id":"https:\/\/principedeasturiasvaldivia.cl\/Colegio\/#website"},"datePublished":"2020-04-30T00:51:02+00:00","dateModified":"2020-05-05T03:21:05+00:00","breadcrumb":{"@id":"https:\/\/principedeasturiasvaldivia.cl\/Colegio\/aprende-en-linea\/#breadcrumb"},"inLanguage":"es-CL","potentialAction":[{"@type":"ReadAction","target":["https:\/\/principedeasturiasvaldivia.cl\/Colegio\/aprende-en-linea\/"]}]},{"@type":"BreadcrumbList","@id":"https:\/\/principedeasturiasvaldivia.cl\/Colegio\/aprende-en-linea\/#breadcrumb","itemListElement":[{"@type":"ListItem","position":1,"name":"Portada","item":"https:\/\/principedeasturiasvaldivia.cl\/Colegio\/"},{"@type":"ListItem","position":2,"name":"Aprende en l\u00ednea"}]},{"@type":"WebSite","@id":"https:\/\/principedeasturiasvaldivia.cl\/Colegio\/#website","url":"https:\/\/principedeasturiasvaldivia.cl\/Colegio\/","name":"","description":"","potentialAction":[{"@type":"SearchAction","target":{"@type":"EntryPoint","urlTemplate":"https:\/\/principedeasturiasvaldivia.cl\/Colegio\/?s={search_term_string}"},"query-input":{"@type":"PropertyValueSpecification","valueRequired":true,"valueName":"search_term_string"}}],"inLanguage":"es-CL"}]}},"publishpress_future_action":{"enabled":false,"date":"2026-05-23 23:34:36","action":"change-status","newStatus":"draft","terms":[],"taxonomy":"","extraData":[]},"publishpress_future_workflow_manual_trigger":{"enabledWorkflows":[]},"_links":{"self":[{"href":"https:\/\/principedeasturiasvaldivia.cl\/Colegio\/wp-json\/wp\/v2\/pages\/26","targetHints":{"allow":["GET"]}}],"collection":[{"href":"https:\/\/principedeasturiasvaldivia.cl\/Colegio\/wp-json\/wp\/v2\/pages"}],"about":[{"href":"https:\/\/principedeasturiasvaldivia.cl\/Colegio\/wp-json\/wp\/v2\/types\/page"}],"author":[{"embeddable":true,"href":"https:\/\/principedeasturiasvaldivia.cl\/Colegio\/wp-json\/wp\/v2\/users\/1"}],"replies":[{"embeddable":true,"href":"https:\/\/principedeasturiasvaldivia.cl\/Colegio\/wp-json\/wp\/v2\/comments?post=26"}],"version-history":[{"count":7,"href":"https:\/\/principedeasturiasvaldivia.cl\/Colegio\/wp-json\/wp\/v2\/pages\/26\/revisions"}],"predecessor-version":[{"id":3177,"href":"https:\/\/principedeasturiasvaldivia.cl\/Colegio\/wp-json\/wp\/v2\/pages\/26\/revisions\/3177"}],"wp:attachment":[{"href":"https:\/\/principedeasturiasvaldivia.cl\/Colegio\/wp-json\/wp\/v2\/media?parent=26"}],"curies":[{"name":"wp","href":"https:\/\/api.w.org\/{rel}","templated":true}]}}