{"id":32,"date":"2020-04-29T21:45:06","date_gmt":"2020-04-30T00:45:06","guid":{"rendered":"http:\/\/principedeasturiasvaldivia.cl\/Colegio\/?page_id=32"},"modified":"2020-04-29T21:45:07","modified_gmt":"2020-04-30T00:45:07","slug":"saludo-directivos","status":"publish","type":"page","link":"https:\/\/principedeasturiasvaldivia.cl\/Colegio\/saludo-directivos\/","title":{"rendered":"Saludo Directivos"},"content":{"rendered":"\n<p>Queridas familias, nuestra misi\u00f3n es otorgar las herramientas fundamentales para que el alumno y alumna adquieran destrezas y habilidades, tanto f\u00edsicas como intelectuales, desarrollen el pensamiento cr\u00edtico y fortalezcan sus talentos naturales, virtudes y creatividad. Para ello trabajamos d\u00eda a d\u00eda, generando instancias de sana convivencia, de reflexi\u00f3n y de interacci\u00f3n con los dem\u00e1s, a trav\u00e9s de ambientes de aprendizajes motivadores, trabajo en equipo, metodolog\u00edas de investigaci\u00f3n y estudios aut\u00f3nomos.<\/p>\n\n\n\n<p>Estamos en constante preocupaci\u00f3n por fomentar y afianzar buenos h\u00e1bitos y virtudes propias de la edad. Queremos alumnos y alumnas que participen de nuestras actividades, que asuman las responsabilidades con compromiso, fomenten el compa\u00f1erismo, el gusto por el aprender y que pongan en pr\u00e1ctica los valores adquiridos, con el consejo y gu\u00eda de sus familias y profesores.<\/p>\n\n\n\n<p>Sabemos que todos son diferentes, que la educaci\u00f3n es un proceso personal que constituye una experiencia excepcional para cada uno de nuestros alumnos y alumnas, pero entendemos que sin el apoyo familiar no lograremos el desarrollo integral de ellos.<\/p>\n\n\n\n<p>Ser una comunidad rica en experiencias humanas, en la que todos aprendamos a convivir con respeto y tolerancia hacia los dem\u00e1s son nuestros sinceros deseos, pues creemos que la educaci\u00f3n es una tarea de todos, porque sobre estos cimientos se est\u00e1 edificando el futuro.<\/p>\n\n\n\n<p>Saludos cordiales,<\/p>\n\n\n\n<p>Docentes Directivos.<\/p>\n","protected":false},"excerpt":{"rendered":"<p>Queridas familias, nuestra misi\u00f3n es otorgar las herramientas fundamentales para que el alumno y alumna adquieran destrezas y habilidades, tanto f\u00edsicas como intelectuales, desarrollen el pensamiento cr\u00edtico y fortalezcan sus talentos naturales, virtudes y creatividad. Para ello trabajamos d\u00eda a <a href=\"https:\/\/principedeasturiasvaldivia.cl\/Colegio\/saludo-directivos\/\" class=\"read-more\">Leer m\u00e1s &#8230;<\/a><\/p>\n","protected":false},"author":1,"featured_media":0,"parent":0,"menu_order":0,"comment_status":"closed","ping_status":"closed","template":"","meta":{"footnotes":""},"class_list":["post-32","page","type-page","status-publish","hentry"],"yoast_head":"<!-- This site is optimized with the Yoast SEO plugin v27.6 - https:\/\/yoast.com\/product\/yoast-seo-wordpress\/ -->\n<title>Saludo Directivos -<\/title>\n<meta name=\"robots\" content=\"index, follow, max-snippet:-1, max-image-preview:large, max-video-preview:-1\" \/>\n<link rel=\"canonical\" href=\"https:\/\/principedeasturiasvaldivia.cl\/Colegio\/saludo-directivos\/\" \/>\n<meta property=\"og:locale\" content=\"es_ES\" \/>\n<meta property=\"og:type\" content=\"article\" \/>\n<meta property=\"og:title\" content=\"Saludo Directivos -\" \/>\n<meta property=\"og:description\" content=\"Queridas familias, nuestra misi\u00f3n es otorgar las herramientas fundamentales para que el alumno y alumna adquieran destrezas y habilidades, tanto f\u00edsicas como intelectuales, desarrollen el pensamiento cr\u00edtico y fortalezcan sus talentos naturales, virtudes y creatividad. Para ello trabajamos d\u00eda a Leer m\u00e1s ...\" \/>\n<meta property=\"og:url\" content=\"https:\/\/principedeasturiasvaldivia.cl\/Colegio\/saludo-directivos\/\" \/>\n<meta property=\"article:modified_time\" content=\"2020-04-30T00:45:07+00:00\" \/>\n<meta name=\"twitter:card\" content=\"summary_large_image\" \/>\n<meta name=\"twitter:label1\" content=\"Tiempo estimado de lectura\" \/>\n\t<meta name=\"twitter:data1\" content=\"1 minuto\" \/>\n<script type=\"application\/ld+json\" class=\"yoast-schema-graph\">{\"@context\":\"https:\\\/\\\/schema.org\",\"@graph\":[{\"@type\":\"WebPage\",\"@id\":\"https:\\\/\\\/principedeasturiasvaldivia.cl\\\/Colegio\\\/saludo-directivos\\\/\",\"url\":\"https:\\\/\\\/principedeasturiasvaldivia.cl\\\/Colegio\\\/saludo-directivos\\\/\",\"name\":\"Saludo Directivos -\",\"isPartOf\":{\"@id\":\"https:\\\/\\\/principedeasturiasvaldivia.cl\\\/Colegio\\\/#website\"},\"datePublished\":\"2020-04-30T00:45:06+00:00\",\"dateModified\":\"2020-04-30T00:45:07+00:00\",\"breadcrumb\":{\"@id\":\"https:\\\/\\\/principedeasturiasvaldivia.cl\\\/Colegio\\\/saludo-directivos\\\/#breadcrumb\"},\"inLanguage\":\"es-CL\",\"potentialAction\":[{\"@type\":\"ReadAction\",\"target\":[\"https:\\\/\\\/principedeasturiasvaldivia.cl\\\/Colegio\\\/saludo-directivos\\\/\"]}]},{\"@type\":\"BreadcrumbList\",\"@id\":\"https:\\\/\\\/principedeasturiasvaldivia.cl\\\/Colegio\\\/saludo-directivos\\\/#breadcrumb\",\"itemListElement\":[{\"@type\":\"ListItem\",\"position\":1,\"name\":\"Portada\",\"item\":\"https:\\\/\\\/principedeasturiasvaldivia.cl\\\/Colegio\\\/\"},{\"@type\":\"ListItem\",\"position\":2,\"name\":\"Saludo Directivos\"}]},{\"@type\":\"WebSite\",\"@id\":\"https:\\\/\\\/principedeasturiasvaldivia.cl\\\/Colegio\\\/#website\",\"url\":\"https:\\\/\\\/principedeasturiasvaldivia.cl\\\/Colegio\\\/\",\"name\":\"\",\"description\":\"\",\"potentialAction\":[{\"@type\":\"SearchAction\",\"target\":{\"@type\":\"EntryPoint\",\"urlTemplate\":\"https:\\\/\\\/principedeasturiasvaldivia.cl\\\/Colegio\\\/?s={search_term_string}\"},\"query-input\":{\"@type\":\"PropertyValueSpecification\",\"valueRequired\":true,\"valueName\":\"search_term_string\"}}],\"inLanguage\":\"es-CL\"}]}<\/script>\n<!-- \/ Yoast SEO plugin. -->","yoast_head_json":{"title":"Saludo Directivos -","robots":{"index":"index","follow":"follow","max-snippet":"max-snippet:-1","max-image-preview":"max-image-preview:large","max-video-preview":"max-video-preview:-1"},"canonical":"https:\/\/principedeasturiasvaldivia.cl\/Colegio\/saludo-directivos\/","og_locale":"es_ES","og_type":"article","og_title":"Saludo Directivos -","og_description":"Queridas familias, nuestra misi\u00f3n es otorgar las herramientas fundamentales para que el alumno y alumna adquieran destrezas y habilidades, tanto f\u00edsicas como intelectuales, desarrollen el pensamiento cr\u00edtico y fortalezcan sus talentos naturales, virtudes y creatividad. Para ello trabajamos d\u00eda a Leer m\u00e1s ...","og_url":"https:\/\/principedeasturiasvaldivia.cl\/Colegio\/saludo-directivos\/","article_modified_time":"2020-04-30T00:45:07+00:00","twitter_card":"summary_large_image","twitter_misc":{"Tiempo estimado de lectura":"1 minuto"},"schema":{"@context":"https:\/\/schema.org","@graph":[{"@type":"WebPage","@id":"https:\/\/principedeasturiasvaldivia.cl\/Colegio\/saludo-directivos\/","url":"https:\/\/principedeasturiasvaldivia.cl\/Colegio\/saludo-directivos\/","name":"Saludo Directivos -","isPartOf":{"@id":"https:\/\/principedeasturiasvaldivia.cl\/Colegio\/#website"},"datePublished":"2020-04-30T00:45:06+00:00","dateModified":"2020-04-30T00:45:07+00:00","breadcrumb":{"@id":"https:\/\/principedeasturiasvaldivia.cl\/Colegio\/saludo-directivos\/#breadcrumb"},"inLanguage":"es-CL","potentialAction":[{"@type":"ReadAction","target":["https:\/\/principedeasturiasvaldivia.cl\/Colegio\/saludo-directivos\/"]}]},{"@type":"BreadcrumbList","@id":"https:\/\/principedeasturiasvaldivia.cl\/Colegio\/saludo-directivos\/#breadcrumb","itemListElement":[{"@type":"ListItem","position":1,"name":"Portada","item":"https:\/\/principedeasturiasvaldivia.cl\/Colegio\/"},{"@type":"ListItem","position":2,"name":"Saludo Directivos"}]},{"@type":"WebSite","@id":"https:\/\/principedeasturiasvaldivia.cl\/Colegio\/#website","url":"https:\/\/principedeasturiasvaldivia.cl\/Colegio\/","name":"","description":"","potentialAction":[{"@type":"SearchAction","target":{"@type":"EntryPoint","urlTemplate":"https:\/\/principedeasturiasvaldivia.cl\/Colegio\/?s={search_term_string}"},"query-input":{"@type":"PropertyValueSpecification","valueRequired":true,"valueName":"search_term_string"}}],"inLanguage":"es-CL"}]}},"publishpress_future_action":{"enabled":false,"date":"2026-05-23 23:33:34","action":"change-status","newStatus":"draft","terms":[],"taxonomy":"","extraData":[]},"publishpress_future_workflow_manual_trigger":{"enabledWorkflows":[]},"_links":{"self":[{"href":"https:\/\/principedeasturiasvaldivia.cl\/Colegio\/wp-json\/wp\/v2\/pages\/32","targetHints":{"allow":["GET"]}}],"collection":[{"href":"https:\/\/principedeasturiasvaldivia.cl\/Colegio\/wp-json\/wp\/v2\/pages"}],"about":[{"href":"https:\/\/principedeasturiasvaldivia.cl\/Colegio\/wp-json\/wp\/v2\/types\/page"}],"author":[{"embeddable":true,"href":"https:\/\/principedeasturiasvaldivia.cl\/Colegio\/wp-json\/wp\/v2\/users\/1"}],"replies":[{"embeddable":true,"href":"https:\/\/principedeasturiasvaldivia.cl\/Colegio\/wp-json\/wp\/v2\/comments?post=32"}],"version-history":[{"count":2,"href":"https:\/\/principedeasturiasvaldivia.cl\/Colegio\/wp-json\/wp\/v2\/pages\/32\/revisions"}],"predecessor-version":[{"id":1805,"href":"https:\/\/principedeasturiasvaldivia.cl\/Colegio\/wp-json\/wp\/v2\/pages\/32\/revisions\/1805"}],"wp:attachment":[{"href":"https:\/\/principedeasturiasvaldivia.cl\/Colegio\/wp-json\/wp\/v2\/media?parent=32"}],"curies":[{"name":"wp","href":"https:\/\/api.w.org\/{rel}","templated":true}]}}