{"id":380,"date":"2020-07-03T19:45:02","date_gmt":"2020-07-03T22:45:02","guid":{"rendered":"http:\/\/principedeasturiasvaldivia.cl\/Colegio\/?page_id=380"},"modified":"2025-03-05T15:29:29","modified_gmt":"2025-03-05T18:29:29","slug":"transferencia-electronica","status":"publish","type":"page","link":"https:\/\/principedeasturiasvaldivia.cl\/Colegio\/transferencia-electronica\/","title":{"rendered":"Transferencia Electr\u00f3nica"},"content":{"rendered":"\n<p>Cuenta Corriente N\u00b0: 974610086<br \/>Banco Scotiabank<br \/>Rut: 65.153.262-0<br \/>Fundaci\u00f3n Educacional Ren\u00e9 Manuel<br \/>Correo electr\u00f3nico: institutoprincipedeasturias@gmail.com<br \/>Favor en comentario agregar nombre, curso del alumno y mes de mensualidad.<\/p>\n\n<p>Valor de la mensualidad en pesos corresponde a $ 73.100.-<\/p>\n","protected":false},"excerpt":{"rendered":"<p>Cuenta Corriente N\u00b0: 974610086Banco ScotiabankRut: 65.153.262-0Fundaci\u00f3n Educacional Ren\u00e9 ManuelCorreo electr\u00f3nico: institutoprincipedeasturias@gmail.comFavor en comentario agregar nombre, curso del alumno y mes de mensualidad. Valor de la mensualidad en pesos corresponde a $ 73.100.-<\/p>\n","protected":false},"author":1,"featured_media":0,"parent":0,"menu_order":0,"comment_status":"closed","ping_status":"closed","template":"","meta":{"footnotes":""},"class_list":["post-380","page","type-page","status-publish","hentry"],"yoast_head":"<!-- This site is optimized with the Yoast SEO plugin v27.6 - https:\/\/yoast.com\/product\/yoast-seo-wordpress\/ -->\n<title>Transferencia Electr\u00f3nica -<\/title>\n<meta name=\"robots\" content=\"index, follow, max-snippet:-1, max-image-preview:large, max-video-preview:-1\" \/>\n<link rel=\"canonical\" href=\"https:\/\/principedeasturiasvaldivia.cl\/Colegio\/transferencia-electronica\/\" \/>\n<meta property=\"og:locale\" content=\"es_ES\" \/>\n<meta property=\"og:type\" content=\"article\" \/>\n<meta property=\"og:title\" content=\"Transferencia Electr\u00f3nica -\" \/>\n<meta property=\"og:description\" content=\"Cuenta Corriente N\u00b0: 974610086Banco ScotiabankRut: 65.153.262-0Fundaci\u00f3n Educacional Ren\u00e9 ManuelCorreo electr\u00f3nico: institutoprincipedeasturias@gmail.comFavor en comentario agregar nombre, curso del alumno y mes de mensualidad. Valor de la mensualidad en pesos corresponde a $ 73.100.-\" \/>\n<meta property=\"og:url\" content=\"https:\/\/principedeasturiasvaldivia.cl\/Colegio\/transferencia-electronica\/\" \/>\n<meta property=\"article:modified_time\" content=\"2025-03-05T18:29:29+00:00\" \/>\n<meta name=\"twitter:card\" content=\"summary_large_image\" \/>\n<meta name=\"twitter:label1\" content=\"Tiempo estimado de lectura\" \/>\n\t<meta name=\"twitter:data1\" content=\"1 minuto\" \/>\n<script type=\"application\/ld+json\" class=\"yoast-schema-graph\">{\"@context\":\"https:\\\/\\\/schema.org\",\"@graph\":[{\"@type\":\"WebPage\",\"@id\":\"https:\\\/\\\/principedeasturiasvaldivia.cl\\\/Colegio\\\/transferencia-electronica\\\/\",\"url\":\"https:\\\/\\\/principedeasturiasvaldivia.cl\\\/Colegio\\\/transferencia-electronica\\\/\",\"name\":\"Transferencia Electr\u00f3nica -\",\"isPartOf\":{\"@id\":\"https:\\\/\\\/principedeasturiasvaldivia.cl\\\/Colegio\\\/#website\"},\"datePublished\":\"2020-07-03T22:45:02+00:00\",\"dateModified\":\"2025-03-05T18:29:29+00:00\",\"breadcrumb\":{\"@id\":\"https:\\\/\\\/principedeasturiasvaldivia.cl\\\/Colegio\\\/transferencia-electronica\\\/#breadcrumb\"},\"inLanguage\":\"es-CL\",\"potentialAction\":[{\"@type\":\"ReadAction\",\"target\":[\"https:\\\/\\\/principedeasturiasvaldivia.cl\\\/Colegio\\\/transferencia-electronica\\\/\"]}]},{\"@type\":\"BreadcrumbList\",\"@id\":\"https:\\\/\\\/principedeasturiasvaldivia.cl\\\/Colegio\\\/transferencia-electronica\\\/#breadcrumb\",\"itemListElement\":[{\"@type\":\"ListItem\",\"position\":1,\"name\":\"Portada\",\"item\":\"https:\\\/\\\/principedeasturiasvaldivia.cl\\\/Colegio\\\/\"},{\"@type\":\"ListItem\",\"position\":2,\"name\":\"Transferencia Electr\u00f3nica\"}]},{\"@type\":\"WebSite\",\"@id\":\"https:\\\/\\\/principedeasturiasvaldivia.cl\\\/Colegio\\\/#website\",\"url\":\"https:\\\/\\\/principedeasturiasvaldivia.cl\\\/Colegio\\\/\",\"name\":\"\",\"description\":\"\",\"potentialAction\":[{\"@type\":\"SearchAction\",\"target\":{\"@type\":\"EntryPoint\",\"urlTemplate\":\"https:\\\/\\\/principedeasturiasvaldivia.cl\\\/Colegio\\\/?s={search_term_string}\"},\"query-input\":{\"@type\":\"PropertyValueSpecification\",\"valueRequired\":true,\"valueName\":\"search_term_string\"}}],\"inLanguage\":\"es-CL\"}]}<\/script>\n<!-- \/ Yoast SEO plugin. -->","yoast_head_json":{"title":"Transferencia Electr\u00f3nica -","robots":{"index":"index","follow":"follow","max-snippet":"max-snippet:-1","max-image-preview":"max-image-preview:large","max-video-preview":"max-video-preview:-1"},"canonical":"https:\/\/principedeasturiasvaldivia.cl\/Colegio\/transferencia-electronica\/","og_locale":"es_ES","og_type":"article","og_title":"Transferencia Electr\u00f3nica -","og_description":"Cuenta Corriente N\u00b0: 974610086Banco ScotiabankRut: 65.153.262-0Fundaci\u00f3n Educacional Ren\u00e9 ManuelCorreo electr\u00f3nico: institutoprincipedeasturias@gmail.comFavor en comentario agregar nombre, curso del alumno y mes de mensualidad. Valor de la mensualidad en pesos corresponde a $ 73.100.-","og_url":"https:\/\/principedeasturiasvaldivia.cl\/Colegio\/transferencia-electronica\/","article_modified_time":"2025-03-05T18:29:29+00:00","twitter_card":"summary_large_image","twitter_misc":{"Tiempo estimado de lectura":"1 minuto"},"schema":{"@context":"https:\/\/schema.org","@graph":[{"@type":"WebPage","@id":"https:\/\/principedeasturiasvaldivia.cl\/Colegio\/transferencia-electronica\/","url":"https:\/\/principedeasturiasvaldivia.cl\/Colegio\/transferencia-electronica\/","name":"Transferencia Electr\u00f3nica -","isPartOf":{"@id":"https:\/\/principedeasturiasvaldivia.cl\/Colegio\/#website"},"datePublished":"2020-07-03T22:45:02+00:00","dateModified":"2025-03-05T18:29:29+00:00","breadcrumb":{"@id":"https:\/\/principedeasturiasvaldivia.cl\/Colegio\/transferencia-electronica\/#breadcrumb"},"inLanguage":"es-CL","potentialAction":[{"@type":"ReadAction","target":["https:\/\/principedeasturiasvaldivia.cl\/Colegio\/transferencia-electronica\/"]}]},{"@type":"BreadcrumbList","@id":"https:\/\/principedeasturiasvaldivia.cl\/Colegio\/transferencia-electronica\/#breadcrumb","itemListElement":[{"@type":"ListItem","position":1,"name":"Portada","item":"https:\/\/principedeasturiasvaldivia.cl\/Colegio\/"},{"@type":"ListItem","position":2,"name":"Transferencia Electr\u00f3nica"}]},{"@type":"WebSite","@id":"https:\/\/principedeasturiasvaldivia.cl\/Colegio\/#website","url":"https:\/\/principedeasturiasvaldivia.cl\/Colegio\/","name":"","description":"","potentialAction":[{"@type":"SearchAction","target":{"@type":"EntryPoint","urlTemplate":"https:\/\/principedeasturiasvaldivia.cl\/Colegio\/?s={search_term_string}"},"query-input":{"@type":"PropertyValueSpecification","valueRequired":true,"valueName":"search_term_string"}}],"inLanguage":"es-CL"}]}},"publishpress_future_action":{"enabled":false,"date":"2026-05-23 23:34:50","action":"change-status","newStatus":"draft","terms":[],"taxonomy":"","extraData":[]},"publishpress_future_workflow_manual_trigger":{"enabledWorkflows":[]},"_links":{"self":[{"href":"https:\/\/principedeasturiasvaldivia.cl\/Colegio\/wp-json\/wp\/v2\/pages\/380","targetHints":{"allow":["GET"]}}],"collection":[{"href":"https:\/\/principedeasturiasvaldivia.cl\/Colegio\/wp-json\/wp\/v2\/pages"}],"about":[{"href":"https:\/\/principedeasturiasvaldivia.cl\/Colegio\/wp-json\/wp\/v2\/types\/page"}],"author":[{"embeddable":true,"href":"https:\/\/principedeasturiasvaldivia.cl\/Colegio\/wp-json\/wp\/v2\/users\/1"}],"replies":[{"embeddable":true,"href":"https:\/\/principedeasturiasvaldivia.cl\/Colegio\/wp-json\/wp\/v2\/comments?post=380"}],"version-history":[{"count":11,"href":"https:\/\/principedeasturiasvaldivia.cl\/Colegio\/wp-json\/wp\/v2\/pages\/380\/revisions"}],"predecessor-version":[{"id":2373,"href":"https:\/\/principedeasturiasvaldivia.cl\/Colegio\/wp-json\/wp\/v2\/pages\/380\/revisions\/2373"}],"wp:attachment":[{"href":"https:\/\/principedeasturiasvaldivia.cl\/Colegio\/wp-json\/wp\/v2\/media?parent=380"}],"curies":[{"name":"wp","href":"https:\/\/api.w.org\/{rel}","templated":true}]}}