{"id":60,"date":"2020-04-29T21:53:34","date_gmt":"2020-04-30T00:53:34","guid":{"rendered":"http:\/\/principedeasturiasvaldivia.cl\/Colegio\/?page_id=60"},"modified":"2020-05-06T16:17:08","modified_gmt":"2020-05-06T19:17:08","slug":"somos","status":"publish","type":"page","link":"https:\/\/principedeasturiasvaldivia.cl\/Colegio\/somos\/","title":{"rendered":"Somos"},"content":{"rendered":"\n<div class=\"wp-block-group\"><div class=\"wp-block-group__inner-container is-layout-flow wp-block-group-is-layout-flow\">\n<figure class=\"wp-block-image size-large is-resized\"><img loading=\"lazy\" decoding=\"async\" src=\"http:\/\/principedeasturiasvaldivia.cl\/Colegio\/wp-content\/uploads\/2020\/05\/FotoAdministracion2.jpg\" alt=\"\" class=\"wp-image-272\" width=\"570\" height=\"760\" srcset=\"https:\/\/principedeasturiasvaldivia.cl\/Colegio\/wp-content\/uploads\/2020\/05\/FotoAdministracion2.jpg 375w, https:\/\/principedeasturiasvaldivia.cl\/Colegio\/wp-content\/uploads\/2020\/05\/FotoAdministracion2-225x300.jpg 225w, https:\/\/principedeasturiasvaldivia.cl\/Colegio\/wp-content\/uploads\/2020\/05\/FotoAdministracion2-203x270.jpg 203w\" sizes=\"auto, (max-width: 570px) 100vw, 570px\" \/><\/figure>\n<\/div><\/div>\n\n\n\n<p>El Colegio Pr\u00edncipe de Asturias, es una Instituci\u00f3n insertada en el Sistema Educacional Chileno y ha sido reconocido por el Ministerio de Educaci\u00f3n como Cooperador, mediante Resoluci\u00f3n Exenta N\u00b0 457. Se imparten los niveles de Educaci\u00f3n Parvularia: Transici\u00f3n 1 (NT1) y Transici\u00f3n 2 (NT2), seg\u00fan se establece en la Ley General de Educaci\u00f3n (Ley N\u00ba 20.370) y Nivel B\u00e1sico de 1ero a 4to B\u00e1sico. En Diciembre del 2018 se elabora el Proyecto Educativo Institucional (PEI), como un documento T\u00e9cnico Pol\u00edtico que orienta el quehacer educativo y la gesti\u00f3n del Establecimiento en el Nivel de Educaci\u00f3n Parvularia, como se establece en la Ley n\u00ba20.370 y Ley n\u00ba 20.832 del 2015, teniendo concordancia con el Plan de Mejoramiento Educativo (PME).<\/p>\n","protected":false},"excerpt":{"rendered":"<p>El Colegio Pr\u00edncipe de Asturias, es una Instituci\u00f3n insertada en el Sistema Educacional Chileno y ha sido reconocido por el Ministerio de Educaci\u00f3n como Cooperador, mediante Resoluci\u00f3n Exenta N\u00b0 457. Se imparten los niveles de Educaci\u00f3n Parvularia: Transici\u00f3n 1 (NT1) <a href=\"https:\/\/principedeasturiasvaldivia.cl\/Colegio\/somos\/\" class=\"read-more\">Leer m\u00e1s &#8230;<\/a><\/p>\n","protected":false},"author":1,"featured_media":0,"parent":0,"menu_order":0,"comment_status":"closed","ping_status":"closed","template":"","meta":{"footnotes":""},"class_list":["post-60","page","type-page","status-publish","hentry"],"yoast_head":"<!-- This site is optimized with the Yoast SEO plugin v27.6 - https:\/\/yoast.com\/product\/yoast-seo-wordpress\/ -->\n<title>Somos -<\/title>\n<meta name=\"robots\" content=\"index, follow, max-snippet:-1, max-image-preview:large, max-video-preview:-1\" \/>\n<link rel=\"canonical\" href=\"https:\/\/principedeasturiasvaldivia.cl\/Colegio\/somos\/\" \/>\n<meta property=\"og:locale\" content=\"es_ES\" \/>\n<meta property=\"og:type\" content=\"article\" \/>\n<meta property=\"og:title\" content=\"Somos -\" \/>\n<meta property=\"og:description\" content=\"El Colegio Pr\u00edncipe de Asturias, es una Instituci\u00f3n insertada en el Sistema Educacional Chileno y ha sido reconocido por el Ministerio de Educaci\u00f3n como Cooperador, mediante Resoluci\u00f3n Exenta N\u00b0 457. Se imparten los niveles de Educaci\u00f3n Parvularia: Transici\u00f3n 1 (NT1) Leer m\u00e1s ...\" \/>\n<meta property=\"og:url\" content=\"https:\/\/principedeasturiasvaldivia.cl\/Colegio\/somos\/\" \/>\n<meta property=\"article:modified_time\" content=\"2020-05-06T19:17:08+00:00\" \/>\n<meta property=\"og:image\" content=\"http:\/\/principedeasturiasvaldivia.cl\/Colegio\/wp-content\/uploads\/2020\/05\/FotoAdministracion2.jpg\" \/>\n<meta name=\"twitter:card\" content=\"summary_large_image\" \/>\n<meta name=\"twitter:label1\" content=\"Tiempo estimado de lectura\" \/>\n\t<meta name=\"twitter:data1\" content=\"1 minuto\" \/>\n<script type=\"application\/ld+json\" class=\"yoast-schema-graph\">{\"@context\":\"https:\\\/\\\/schema.org\",\"@graph\":[{\"@type\":\"WebPage\",\"@id\":\"https:\\\/\\\/principedeasturiasvaldivia.cl\\\/Colegio\\\/somos\\\/\",\"url\":\"https:\\\/\\\/principedeasturiasvaldivia.cl\\\/Colegio\\\/somos\\\/\",\"name\":\"Somos -\",\"isPartOf\":{\"@id\":\"https:\\\/\\\/principedeasturiasvaldivia.cl\\\/Colegio\\\/#website\"},\"primaryImageOfPage\":{\"@id\":\"https:\\\/\\\/principedeasturiasvaldivia.cl\\\/Colegio\\\/somos\\\/#primaryimage\"},\"image\":{\"@id\":\"https:\\\/\\\/principedeasturiasvaldivia.cl\\\/Colegio\\\/somos\\\/#primaryimage\"},\"thumbnailUrl\":\"http:\\\/\\\/principedeasturiasvaldivia.cl\\\/Colegio\\\/wp-content\\\/uploads\\\/2020\\\/05\\\/FotoAdministracion2.jpg\",\"datePublished\":\"2020-04-30T00:53:34+00:00\",\"dateModified\":\"2020-05-06T19:17:08+00:00\",\"breadcrumb\":{\"@id\":\"https:\\\/\\\/principedeasturiasvaldivia.cl\\\/Colegio\\\/somos\\\/#breadcrumb\"},\"inLanguage\":\"es-CL\",\"potentialAction\":[{\"@type\":\"ReadAction\",\"target\":[\"https:\\\/\\\/principedeasturiasvaldivia.cl\\\/Colegio\\\/somos\\\/\"]}]},{\"@type\":\"ImageObject\",\"inLanguage\":\"es-CL\",\"@id\":\"https:\\\/\\\/principedeasturiasvaldivia.cl\\\/Colegio\\\/somos\\\/#primaryimage\",\"url\":\"http:\\\/\\\/principedeasturiasvaldivia.cl\\\/Colegio\\\/wp-content\\\/uploads\\\/2020\\\/05\\\/FotoAdministracion2.jpg\",\"contentUrl\":\"http:\\\/\\\/principedeasturiasvaldivia.cl\\\/Colegio\\\/wp-content\\\/uploads\\\/2020\\\/05\\\/FotoAdministracion2.jpg\"},{\"@type\":\"BreadcrumbList\",\"@id\":\"https:\\\/\\\/principedeasturiasvaldivia.cl\\\/Colegio\\\/somos\\\/#breadcrumb\",\"itemListElement\":[{\"@type\":\"ListItem\",\"position\":1,\"name\":\"Portada\",\"item\":\"https:\\\/\\\/principedeasturiasvaldivia.cl\\\/Colegio\\\/\"},{\"@type\":\"ListItem\",\"position\":2,\"name\":\"Somos\"}]},{\"@type\":\"WebSite\",\"@id\":\"https:\\\/\\\/principedeasturiasvaldivia.cl\\\/Colegio\\\/#website\",\"url\":\"https:\\\/\\\/principedeasturiasvaldivia.cl\\\/Colegio\\\/\",\"name\":\"\",\"description\":\"\",\"potentialAction\":[{\"@type\":\"SearchAction\",\"target\":{\"@type\":\"EntryPoint\",\"urlTemplate\":\"https:\\\/\\\/principedeasturiasvaldivia.cl\\\/Colegio\\\/?s={search_term_string}\"},\"query-input\":{\"@type\":\"PropertyValueSpecification\",\"valueRequired\":true,\"valueName\":\"search_term_string\"}}],\"inLanguage\":\"es-CL\"}]}<\/script>\n<!-- \/ Yoast SEO plugin. -->","yoast_head_json":{"title":"Somos -","robots":{"index":"index","follow":"follow","max-snippet":"max-snippet:-1","max-image-preview":"max-image-preview:large","max-video-preview":"max-video-preview:-1"},"canonical":"https:\/\/principedeasturiasvaldivia.cl\/Colegio\/somos\/","og_locale":"es_ES","og_type":"article","og_title":"Somos -","og_description":"El Colegio Pr\u00edncipe de Asturias, es una Instituci\u00f3n insertada en el Sistema Educacional Chileno y ha sido reconocido por el Ministerio de Educaci\u00f3n como Cooperador, mediante Resoluci\u00f3n Exenta N\u00b0 457. Se imparten los niveles de Educaci\u00f3n Parvularia: Transici\u00f3n 1 (NT1) Leer m\u00e1s ...","og_url":"https:\/\/principedeasturiasvaldivia.cl\/Colegio\/somos\/","article_modified_time":"2020-05-06T19:17:08+00:00","og_image":[{"url":"http:\/\/principedeasturiasvaldivia.cl\/Colegio\/wp-content\/uploads\/2020\/05\/FotoAdministracion2.jpg","type":"","width":"","height":""}],"twitter_card":"summary_large_image","twitter_misc":{"Tiempo estimado de lectura":"1 minuto"},"schema":{"@context":"https:\/\/schema.org","@graph":[{"@type":"WebPage","@id":"https:\/\/principedeasturiasvaldivia.cl\/Colegio\/somos\/","url":"https:\/\/principedeasturiasvaldivia.cl\/Colegio\/somos\/","name":"Somos -","isPartOf":{"@id":"https:\/\/principedeasturiasvaldivia.cl\/Colegio\/#website"},"primaryImageOfPage":{"@id":"https:\/\/principedeasturiasvaldivia.cl\/Colegio\/somos\/#primaryimage"},"image":{"@id":"https:\/\/principedeasturiasvaldivia.cl\/Colegio\/somos\/#primaryimage"},"thumbnailUrl":"http:\/\/principedeasturiasvaldivia.cl\/Colegio\/wp-content\/uploads\/2020\/05\/FotoAdministracion2.jpg","datePublished":"2020-04-30T00:53:34+00:00","dateModified":"2020-05-06T19:17:08+00:00","breadcrumb":{"@id":"https:\/\/principedeasturiasvaldivia.cl\/Colegio\/somos\/#breadcrumb"},"inLanguage":"es-CL","potentialAction":[{"@type":"ReadAction","target":["https:\/\/principedeasturiasvaldivia.cl\/Colegio\/somos\/"]}]},{"@type":"ImageObject","inLanguage":"es-CL","@id":"https:\/\/principedeasturiasvaldivia.cl\/Colegio\/somos\/#primaryimage","url":"http:\/\/principedeasturiasvaldivia.cl\/Colegio\/wp-content\/uploads\/2020\/05\/FotoAdministracion2.jpg","contentUrl":"http:\/\/principedeasturiasvaldivia.cl\/Colegio\/wp-content\/uploads\/2020\/05\/FotoAdministracion2.jpg"},{"@type":"BreadcrumbList","@id":"https:\/\/principedeasturiasvaldivia.cl\/Colegio\/somos\/#breadcrumb","itemListElement":[{"@type":"ListItem","position":1,"name":"Portada","item":"https:\/\/principedeasturiasvaldivia.cl\/Colegio\/"},{"@type":"ListItem","position":2,"name":"Somos"}]},{"@type":"WebSite","@id":"https:\/\/principedeasturiasvaldivia.cl\/Colegio\/#website","url":"https:\/\/principedeasturiasvaldivia.cl\/Colegio\/","name":"","description":"","potentialAction":[{"@type":"SearchAction","target":{"@type":"EntryPoint","urlTemplate":"https:\/\/principedeasturiasvaldivia.cl\/Colegio\/?s={search_term_string}"},"query-input":{"@type":"PropertyValueSpecification","valueRequired":true,"valueName":"search_term_string"}}],"inLanguage":"es-CL"}]}},"publishpress_future_action":{"enabled":false,"date":"2026-05-23 23:33:31","action":"change-status","newStatus":"draft","terms":[],"taxonomy":"","extraData":[]},"publishpress_future_workflow_manual_trigger":{"enabledWorkflows":[]},"_links":{"self":[{"href":"https:\/\/principedeasturiasvaldivia.cl\/Colegio\/wp-json\/wp\/v2\/pages\/60","targetHints":{"allow":["GET"]}}],"collection":[{"href":"https:\/\/principedeasturiasvaldivia.cl\/Colegio\/wp-json\/wp\/v2\/pages"}],"about":[{"href":"https:\/\/principedeasturiasvaldivia.cl\/Colegio\/wp-json\/wp\/v2\/types\/page"}],"author":[{"embeddable":true,"href":"https:\/\/principedeasturiasvaldivia.cl\/Colegio\/wp-json\/wp\/v2\/users\/1"}],"replies":[{"embeddable":true,"href":"https:\/\/principedeasturiasvaldivia.cl\/Colegio\/wp-json\/wp\/v2\/comments?post=60"}],"version-history":[{"count":4,"href":"https:\/\/principedeasturiasvaldivia.cl\/Colegio\/wp-json\/wp\/v2\/pages\/60\/revisions"}],"predecessor-version":[{"id":1804,"href":"https:\/\/principedeasturiasvaldivia.cl\/Colegio\/wp-json\/wp\/v2\/pages\/60\/revisions\/1804"}],"wp:attachment":[{"href":"https:\/\/principedeasturiasvaldivia.cl\/Colegio\/wp-json\/wp\/v2\/media?parent=60"}],"curies":[{"name":"wp","href":"https:\/\/api.w.org\/{rel}","templated":true}]}}