{"id":801,"date":"2021-04-14T02:09:02","date_gmt":"2021-04-14T05:09:02","guid":{"rendered":"http:\/\/principedeasturiasvaldivia.cl\/Colegio\/?page_id=801"},"modified":"2021-04-23T19:17:12","modified_gmt":"2021-04-23T22:17:12","slug":"taller-de-experimentos","status":"publish","type":"page","link":"https:\/\/principedeasturiasvaldivia.cl\/Colegio\/taller-de-experimentos\/","title":{"rendered":"Taller de experimentos"},"content":{"rendered":"\n<div class=\"wp-block-image\"><figure class=\"aligncenter size-large is-resized\"><img loading=\"lazy\" decoding=\"async\" src=\"http:\/\/principedeasturiasvaldivia.cl\/Colegio\/wp-content\/uploads\/2021\/04\/WhatsApp-Image-2021-04-13-at-16.41.20-819x1024.jpeg\" alt=\"\" class=\"wp-image-802\" width=\"357\" height=\"446\" srcset=\"https:\/\/principedeasturiasvaldivia.cl\/Colegio\/wp-content\/uploads\/2021\/04\/WhatsApp-Image-2021-04-13-at-16.41.20-819x1024.jpeg 819w, https:\/\/principedeasturiasvaldivia.cl\/Colegio\/wp-content\/uploads\/2021\/04\/WhatsApp-Image-2021-04-13-at-16.41.20-600x750.jpeg 600w, https:\/\/principedeasturiasvaldivia.cl\/Colegio\/wp-content\/uploads\/2021\/04\/WhatsApp-Image-2021-04-13-at-16.41.20-240x300.jpeg 240w, https:\/\/principedeasturiasvaldivia.cl\/Colegio\/wp-content\/uploads\/2021\/04\/WhatsApp-Image-2021-04-13-at-16.41.20-768x960.jpeg 768w, https:\/\/principedeasturiasvaldivia.cl\/Colegio\/wp-content\/uploads\/2021\/04\/WhatsApp-Image-2021-04-13-at-16.41.20-216x270.jpeg 216w, https:\/\/principedeasturiasvaldivia.cl\/Colegio\/wp-content\/uploads\/2021\/04\/WhatsApp-Image-2021-04-13-at-16.41.20.jpeg 904w\" sizes=\"auto, (max-width: 357px) 100vw, 357px\" \/><\/figure><\/div>\n\n\n\n<p class=\"has-text-align-center\">Estimadas familias y alumnos de pre b\u00e1sica. Los invitamos a participar del primer taller extraprogr\u00e1matico <strong>&#8220;Experimentos de educaci\u00f3n Pre B\u00e1sica&#8221;<\/strong> A sus correos fueron enviadas las intrucciones y horarios para participar y disfrutar del la ciencia.<\/p>\n","protected":false},"excerpt":{"rendered":"<p>Estimadas familias y alumnos de pre b\u00e1sica. Los invitamos a participar del primer taller extraprogr\u00e1matico &#8220;Experimentos de educaci\u00f3n Pre B\u00e1sica&#8221; A sus correos fueron enviadas las intrucciones y horarios para participar y disfrutar del la ciencia.<\/p>\n","protected":false},"author":1,"featured_media":0,"parent":0,"menu_order":0,"comment_status":"closed","ping_status":"closed","template":"","meta":{"footnotes":""},"class_list":["post-801","page","type-page","status-publish","hentry"],"yoast_head":"<!-- This site is optimized with the Yoast SEO plugin v27.6 - https:\/\/yoast.com\/product\/yoast-seo-wordpress\/ -->\n<title>Taller de experimentos -<\/title>\n<meta name=\"robots\" content=\"index, follow, max-snippet:-1, max-image-preview:large, max-video-preview:-1\" \/>\n<link rel=\"canonical\" href=\"https:\/\/principedeasturiasvaldivia.cl\/Colegio\/taller-de-experimentos\/\" \/>\n<meta property=\"og:locale\" content=\"es_ES\" \/>\n<meta property=\"og:type\" content=\"article\" \/>\n<meta property=\"og:title\" content=\"Taller de experimentos -\" \/>\n<meta property=\"og:description\" content=\"Estimadas familias y alumnos de pre b\u00e1sica. Los invitamos a participar del primer taller extraprogr\u00e1matico &#8220;Experimentos de educaci\u00f3n Pre B\u00e1sica&#8221; A sus correos fueron enviadas las intrucciones y horarios para participar y disfrutar del la ciencia.\" \/>\n<meta property=\"og:url\" content=\"https:\/\/principedeasturiasvaldivia.cl\/Colegio\/taller-de-experimentos\/\" \/>\n<meta property=\"article:modified_time\" content=\"2021-04-23T22:17:12+00:00\" \/>\n<meta property=\"og:image\" content=\"http:\/\/principedeasturiasvaldivia.cl\/Colegio\/wp-content\/uploads\/2021\/04\/WhatsApp-Image-2021-04-13-at-16.41.20-819x1024.jpeg\" \/>\n<meta name=\"twitter:card\" content=\"summary_large_image\" \/>\n<meta name=\"twitter:label1\" content=\"Tiempo estimado de lectura\" \/>\n\t<meta name=\"twitter:data1\" content=\"1 minuto\" \/>\n<script type=\"application\/ld+json\" class=\"yoast-schema-graph\">{\"@context\":\"https:\\\/\\\/schema.org\",\"@graph\":[{\"@type\":\"WebPage\",\"@id\":\"https:\\\/\\\/principedeasturiasvaldivia.cl\\\/Colegio\\\/taller-de-experimentos\\\/\",\"url\":\"https:\\\/\\\/principedeasturiasvaldivia.cl\\\/Colegio\\\/taller-de-experimentos\\\/\",\"name\":\"Taller de experimentos -\",\"isPartOf\":{\"@id\":\"https:\\\/\\\/principedeasturiasvaldivia.cl\\\/Colegio\\\/#website\"},\"primaryImageOfPage\":{\"@id\":\"https:\\\/\\\/principedeasturiasvaldivia.cl\\\/Colegio\\\/taller-de-experimentos\\\/#primaryimage\"},\"image\":{\"@id\":\"https:\\\/\\\/principedeasturiasvaldivia.cl\\\/Colegio\\\/taller-de-experimentos\\\/#primaryimage\"},\"thumbnailUrl\":\"http:\\\/\\\/principedeasturiasvaldivia.cl\\\/Colegio\\\/wp-content\\\/uploads\\\/2021\\\/04\\\/WhatsApp-Image-2021-04-13-at-16.41.20-819x1024.jpeg\",\"datePublished\":\"2021-04-14T05:09:02+00:00\",\"dateModified\":\"2021-04-23T22:17:12+00:00\",\"breadcrumb\":{\"@id\":\"https:\\\/\\\/principedeasturiasvaldivia.cl\\\/Colegio\\\/taller-de-experimentos\\\/#breadcrumb\"},\"inLanguage\":\"es-CL\",\"potentialAction\":[{\"@type\":\"ReadAction\",\"target\":[\"https:\\\/\\\/principedeasturiasvaldivia.cl\\\/Colegio\\\/taller-de-experimentos\\\/\"]}]},{\"@type\":\"ImageObject\",\"inLanguage\":\"es-CL\",\"@id\":\"https:\\\/\\\/principedeasturiasvaldivia.cl\\\/Colegio\\\/taller-de-experimentos\\\/#primaryimage\",\"url\":\"https:\\\/\\\/principedeasturiasvaldivia.cl\\\/Colegio\\\/wp-content\\\/uploads\\\/2021\\\/04\\\/WhatsApp-Image-2021-04-13-at-16.41.20.jpeg\",\"contentUrl\":\"https:\\\/\\\/principedeasturiasvaldivia.cl\\\/Colegio\\\/wp-content\\\/uploads\\\/2021\\\/04\\\/WhatsApp-Image-2021-04-13-at-16.41.20.jpeg\",\"width\":904,\"height\":1130},{\"@type\":\"BreadcrumbList\",\"@id\":\"https:\\\/\\\/principedeasturiasvaldivia.cl\\\/Colegio\\\/taller-de-experimentos\\\/#breadcrumb\",\"itemListElement\":[{\"@type\":\"ListItem\",\"position\":1,\"name\":\"Portada\",\"item\":\"https:\\\/\\\/principedeasturiasvaldivia.cl\\\/Colegio\\\/\"},{\"@type\":\"ListItem\",\"position\":2,\"name\":\"Taller de experimentos\"}]},{\"@type\":\"WebSite\",\"@id\":\"https:\\\/\\\/principedeasturiasvaldivia.cl\\\/Colegio\\\/#website\",\"url\":\"https:\\\/\\\/principedeasturiasvaldivia.cl\\\/Colegio\\\/\",\"name\":\"\",\"description\":\"\",\"potentialAction\":[{\"@type\":\"SearchAction\",\"target\":{\"@type\":\"EntryPoint\",\"urlTemplate\":\"https:\\\/\\\/principedeasturiasvaldivia.cl\\\/Colegio\\\/?s={search_term_string}\"},\"query-input\":{\"@type\":\"PropertyValueSpecification\",\"valueRequired\":true,\"valueName\":\"search_term_string\"}}],\"inLanguage\":\"es-CL\"}]}<\/script>\n<!-- \/ Yoast SEO plugin. -->","yoast_head_json":{"title":"Taller de experimentos -","robots":{"index":"index","follow":"follow","max-snippet":"max-snippet:-1","max-image-preview":"max-image-preview:large","max-video-preview":"max-video-preview:-1"},"canonical":"https:\/\/principedeasturiasvaldivia.cl\/Colegio\/taller-de-experimentos\/","og_locale":"es_ES","og_type":"article","og_title":"Taller de experimentos -","og_description":"Estimadas familias y alumnos de pre b\u00e1sica. Los invitamos a participar del primer taller extraprogr\u00e1matico &#8220;Experimentos de educaci\u00f3n Pre B\u00e1sica&#8221; A sus correos fueron enviadas las intrucciones y horarios para participar y disfrutar del la ciencia.","og_url":"https:\/\/principedeasturiasvaldivia.cl\/Colegio\/taller-de-experimentos\/","article_modified_time":"2021-04-23T22:17:12+00:00","og_image":[{"url":"http:\/\/principedeasturiasvaldivia.cl\/Colegio\/wp-content\/uploads\/2021\/04\/WhatsApp-Image-2021-04-13-at-16.41.20-819x1024.jpeg","type":"","width":"","height":""}],"twitter_card":"summary_large_image","twitter_misc":{"Tiempo estimado de lectura":"1 minuto"},"schema":{"@context":"https:\/\/schema.org","@graph":[{"@type":"WebPage","@id":"https:\/\/principedeasturiasvaldivia.cl\/Colegio\/taller-de-experimentos\/","url":"https:\/\/principedeasturiasvaldivia.cl\/Colegio\/taller-de-experimentos\/","name":"Taller de experimentos -","isPartOf":{"@id":"https:\/\/principedeasturiasvaldivia.cl\/Colegio\/#website"},"primaryImageOfPage":{"@id":"https:\/\/principedeasturiasvaldivia.cl\/Colegio\/taller-de-experimentos\/#primaryimage"},"image":{"@id":"https:\/\/principedeasturiasvaldivia.cl\/Colegio\/taller-de-experimentos\/#primaryimage"},"thumbnailUrl":"http:\/\/principedeasturiasvaldivia.cl\/Colegio\/wp-content\/uploads\/2021\/04\/WhatsApp-Image-2021-04-13-at-16.41.20-819x1024.jpeg","datePublished":"2021-04-14T05:09:02+00:00","dateModified":"2021-04-23T22:17:12+00:00","breadcrumb":{"@id":"https:\/\/principedeasturiasvaldivia.cl\/Colegio\/taller-de-experimentos\/#breadcrumb"},"inLanguage":"es-CL","potentialAction":[{"@type":"ReadAction","target":["https:\/\/principedeasturiasvaldivia.cl\/Colegio\/taller-de-experimentos\/"]}]},{"@type":"ImageObject","inLanguage":"es-CL","@id":"https:\/\/principedeasturiasvaldivia.cl\/Colegio\/taller-de-experimentos\/#primaryimage","url":"https:\/\/principedeasturiasvaldivia.cl\/Colegio\/wp-content\/uploads\/2021\/04\/WhatsApp-Image-2021-04-13-at-16.41.20.jpeg","contentUrl":"https:\/\/principedeasturiasvaldivia.cl\/Colegio\/wp-content\/uploads\/2021\/04\/WhatsApp-Image-2021-04-13-at-16.41.20.jpeg","width":904,"height":1130},{"@type":"BreadcrumbList","@id":"https:\/\/principedeasturiasvaldivia.cl\/Colegio\/taller-de-experimentos\/#breadcrumb","itemListElement":[{"@type":"ListItem","position":1,"name":"Portada","item":"https:\/\/principedeasturiasvaldivia.cl\/Colegio\/"},{"@type":"ListItem","position":2,"name":"Taller de experimentos"}]},{"@type":"WebSite","@id":"https:\/\/principedeasturiasvaldivia.cl\/Colegio\/#website","url":"https:\/\/principedeasturiasvaldivia.cl\/Colegio\/","name":"","description":"","potentialAction":[{"@type":"SearchAction","target":{"@type":"EntryPoint","urlTemplate":"https:\/\/principedeasturiasvaldivia.cl\/Colegio\/?s={search_term_string}"},"query-input":{"@type":"PropertyValueSpecification","valueRequired":true,"valueName":"search_term_string"}}],"inLanguage":"es-CL"}]}},"publishpress_future_action":{"enabled":false,"date":"2026-05-23 23:35:09","action":"change-status","newStatus":"draft","terms":[],"taxonomy":"","extraData":[]},"publishpress_future_workflow_manual_trigger":{"enabledWorkflows":[]},"_links":{"self":[{"href":"https:\/\/principedeasturiasvaldivia.cl\/Colegio\/wp-json\/wp\/v2\/pages\/801","targetHints":{"allow":["GET"]}}],"collection":[{"href":"https:\/\/principedeasturiasvaldivia.cl\/Colegio\/wp-json\/wp\/v2\/pages"}],"about":[{"href":"https:\/\/principedeasturiasvaldivia.cl\/Colegio\/wp-json\/wp\/v2\/types\/page"}],"author":[{"embeddable":true,"href":"https:\/\/principedeasturiasvaldivia.cl\/Colegio\/wp-json\/wp\/v2\/users\/1"}],"replies":[{"embeddable":true,"href":"https:\/\/principedeasturiasvaldivia.cl\/Colegio\/wp-json\/wp\/v2\/comments?post=801"}],"version-history":[{"count":3,"href":"https:\/\/principedeasturiasvaldivia.cl\/Colegio\/wp-json\/wp\/v2\/pages\/801\/revisions"}],"predecessor-version":[{"id":856,"href":"https:\/\/principedeasturiasvaldivia.cl\/Colegio\/wp-json\/wp\/v2\/pages\/801\/revisions\/856"}],"wp:attachment":[{"href":"https:\/\/principedeasturiasvaldivia.cl\/Colegio\/wp-json\/wp\/v2\/media?parent=801"}],"curies":[{"name":"wp","href":"https:\/\/api.w.org\/{rel}","templated":true}]}}